{"id":3898,"date":"2019-02-19T12:59:01","date_gmt":"2019-02-19T10:59:01","guid":{"rendered":"http:\/\/colorlife.ee\/?page_id=3898"},"modified":"2024-03-11T18:39:08","modified_gmt":"2024-03-11T16:39:08","slug":"gallery","status":"publish","type":"page","link":"https:\/\/colorlife.ee\/en\/gallery\/","title":{"rendered":"Gallery"},"content":{"rendered":"<div class=\"wpb-content-wrapper\"><p>[vc_row row_content_width=&#8221;grid&#8221;][vc_column][vc_masonry_media_grid grid_id=&#8221;vc_gid:1710175093399-142b1c98-77d8-7&#8243; include=&#8221;7802,4696,4699,4690,4702,8125,4705,4693,4687,8122,4684,4708,4711,6473,6165,8128,10300,10928,10924,10971,10968,10965,4681,4678,11798,11801,11807,11804,11795,11810,15128,14988,14851,14780,14683,14657,14639,14630,13838,13841,13294,13234,12826,12823,12709,12649,12635,12590,12581,12458,12420,12327,12171,12149,11591,11474,10954,10872,10553,10361,10329,9071,8698,8624,15072,15039&#8243;][\/vc_column][\/vc_row]<\/p>\n<\/div>","protected":false},"excerpt":{"rendered":"<p>[vc_row row_content_width=&#8221;grid&#8221;][vc_column][vc_masonry_media_grid grid_id=&#8221;vc_gid:1710175093399-142b1c98-77d8-7&#8243; include=&#8221;7802,4696,4699,4690,4702,8125,4705,4693,4687,8122,4684,4708,4711,6473,6165,8128,10300,10928,10924,10971,10968,10965,4681,4678,11798,11801,11807,11804,11795,11810,15128,14988,14851,14780,14683,14657,14639,14630,13838,13841,13294,13234,12826,12823,12709,12649,12635,12590,12581,12458,12420,12327,12171,12149,11591,11474,10954,10872,10553,10361,10329,9071,8698,8624,15072,15039&#8243;][\/vc_column][\/vc_row]<\/p>\n","protected":false},"author":1,"featured_media":0,"parent":0,"menu_order":0,"comment_status":"closed","ping_status":"closed","template":"full-width.php","meta":{"footnotes":""},"class_list":["post-3898","page","type-page","status-publish","hentry"],"yoast_head":"<!-- This site is optimized with the Yoast SEO plugin v23.6 - https:\/\/yoast.com\/wordpress\/plugins\/seo\/ -->\n<title>Vaata tehtud m\u00f6\u00f6bli galeriid<\/title>\n<meta name=\"description\" content=\"Just siit leiate selle mida olete nii kaua otsinud - eksklusiivse disainm\u00f6\u00f6bli, dekoori esemeid ja valgustid, mis r\u00f5hutavad teie interj\u00f6\u00f6ri, muutes selle individuaalseks tervikuks.\" \/>\n<meta name=\"robots\" content=\"index, follow, max-snippet:-1, max-image-preview:large, max-video-preview:-1\" \/>\n<link rel=\"canonical\" href=\"https:\/\/colorlife.ee\/en\/gallery\/\" \/>\n<meta property=\"og:locale\" content=\"en_US\" \/>\n<meta property=\"og:type\" content=\"article\" \/>\n<meta property=\"og:title\" content=\"Vaata tehtud m\u00f6\u00f6bli galeriid\" \/>\n<meta property=\"og:description\" content=\"Just siit leiate selle mida olete nii kaua otsinud - eksklusiivse disainm\u00f6\u00f6bli, dekoori esemeid ja valgustid, mis r\u00f5hutavad teie interj\u00f6\u00f6ri, muutes selle individuaalseks tervikuks.\" \/>\n<meta property=\"og:url\" content=\"https:\/\/colorlife.ee\/en\/gallery\/\" \/>\n<meta property=\"og:site_name\" content=\"Color Life Space\" \/>\n<meta property=\"article:modified_time\" content=\"2024-03-11T16:39:08+00:00\" \/>\n<meta name=\"twitter:card\" content=\"summary_large_image\" \/>\n<meta name=\"twitter:label1\" content=\"Est. reading time\" \/>\n\t<meta name=\"twitter:data1\" content=\"1 minute\" \/>\n<script type=\"application\/ld+json\" class=\"yoast-schema-graph\">{\"@context\":\"https:\/\/schema.org\",\"@graph\":[{\"@type\":\"WebPage\",\"@id\":\"https:\/\/colorlife.ee\/en\/gallery\/\",\"url\":\"https:\/\/colorlife.ee\/en\/gallery\/\",\"name\":\"Vaata tehtud m\u00f6\u00f6bli galeriid\",\"isPartOf\":{\"@id\":\"https:\/\/colorlife.ee\/#website\"},\"datePublished\":\"2019-02-19T10:59:01+00:00\",\"dateModified\":\"2024-03-11T16:39:08+00:00\",\"description\":\"Just siit leiate selle mida olete nii kaua otsinud - eksklusiivse disainm\u00f6\u00f6bli, dekoori esemeid ja valgustid, mis r\u00f5hutavad teie interj\u00f6\u00f6ri, muutes selle individuaalseks tervikuks.\",\"breadcrumb\":{\"@id\":\"https:\/\/colorlife.ee\/en\/gallery\/#breadcrumb\"},\"inLanguage\":\"en-US\",\"potentialAction\":[{\"@type\":\"ReadAction\",\"target\":[\"https:\/\/colorlife.ee\/en\/gallery\/\"]}]},{\"@type\":\"BreadcrumbList\",\"@id\":\"https:\/\/colorlife.ee\/en\/gallery\/#breadcrumb\",\"itemListElement\":[{\"@type\":\"ListItem\",\"position\":1,\"name\":\"Home\",\"item\":\"https:\/\/colorlife.ee\/en\/\"},{\"@type\":\"ListItem\",\"position\":2,\"name\":\"Gallery\"}]},{\"@type\":\"WebSite\",\"@id\":\"https:\/\/colorlife.ee\/#website\",\"url\":\"https:\/\/colorlife.ee\/\",\"name\":\"Color Life Space\",\"description\":\"An experiential space where art, play, design and nature meet\",\"potentialAction\":[{\"@type\":\"SearchAction\",\"target\":{\"@type\":\"EntryPoint\",\"urlTemplate\":\"https:\/\/colorlife.ee\/?s={search_term_string}\"},\"query-input\":{\"@type\":\"PropertyValueSpecification\",\"valueRequired\":true,\"valueName\":\"search_term_string\"}}],\"inLanguage\":\"en-US\"}]}<\/script>\n<!-- \/ Yoast SEO plugin. -->","yoast_head_json":{"title":"Vaata tehtud m\u00f6\u00f6bli galeriid","description":"Just siit leiate selle mida olete nii kaua otsinud - eksklusiivse disainm\u00f6\u00f6bli, dekoori esemeid ja valgustid, mis r\u00f5hutavad teie interj\u00f6\u00f6ri, muutes selle individuaalseks tervikuks.","robots":{"index":"index","follow":"follow","max-snippet":"max-snippet:-1","max-image-preview":"max-image-preview:large","max-video-preview":"max-video-preview:-1"},"canonical":"https:\/\/colorlife.ee\/en\/gallery\/","og_locale":"en_US","og_type":"article","og_title":"Vaata tehtud m\u00f6\u00f6bli galeriid","og_description":"Just siit leiate selle mida olete nii kaua otsinud - eksklusiivse disainm\u00f6\u00f6bli, dekoori esemeid ja valgustid, mis r\u00f5hutavad teie interj\u00f6\u00f6ri, muutes selle individuaalseks tervikuks.","og_url":"https:\/\/colorlife.ee\/en\/gallery\/","og_site_name":"Color Life Space","article_modified_time":"2024-03-11T16:39:08+00:00","twitter_card":"summary_large_image","twitter_misc":{"Est. reading time":"1 minute"},"schema":{"@context":"https:\/\/schema.org","@graph":[{"@type":"WebPage","@id":"https:\/\/colorlife.ee\/en\/gallery\/","url":"https:\/\/colorlife.ee\/en\/gallery\/","name":"Vaata tehtud m\u00f6\u00f6bli galeriid","isPartOf":{"@id":"https:\/\/colorlife.ee\/#website"},"datePublished":"2019-02-19T10:59:01+00:00","dateModified":"2024-03-11T16:39:08+00:00","description":"Just siit leiate selle mida olete nii kaua otsinud - eksklusiivse disainm\u00f6\u00f6bli, dekoori esemeid ja valgustid, mis r\u00f5hutavad teie interj\u00f6\u00f6ri, muutes selle individuaalseks tervikuks.","breadcrumb":{"@id":"https:\/\/colorlife.ee\/en\/gallery\/#breadcrumb"},"inLanguage":"en-US","potentialAction":[{"@type":"ReadAction","target":["https:\/\/colorlife.ee\/en\/gallery\/"]}]},{"@type":"BreadcrumbList","@id":"https:\/\/colorlife.ee\/en\/gallery\/#breadcrumb","itemListElement":[{"@type":"ListItem","position":1,"name":"Home","item":"https:\/\/colorlife.ee\/en\/"},{"@type":"ListItem","position":2,"name":"Gallery"}]},{"@type":"WebSite","@id":"https:\/\/colorlife.ee\/#website","url":"https:\/\/colorlife.ee\/","name":"Color Life Space","description":"An experiential space where art, play, design and nature meet","potentialAction":[{"@type":"SearchAction","target":{"@type":"EntryPoint","urlTemplate":"https:\/\/colorlife.ee\/?s={search_term_string}"},"query-input":{"@type":"PropertyValueSpecification","valueRequired":true,"valueName":"search_term_string"}}],"inLanguage":"en-US"}]}},"_links":{"self":[{"href":"https:\/\/colorlife.ee\/en\/wp-json\/wp\/v2\/pages\/3898"}],"collection":[{"href":"https:\/\/colorlife.ee\/en\/wp-json\/wp\/v2\/pages"}],"about":[{"href":"https:\/\/colorlife.ee\/en\/wp-json\/wp\/v2\/types\/page"}],"author":[{"embeddable":true,"href":"https:\/\/colorlife.ee\/en\/wp-json\/wp\/v2\/users\/1"}],"replies":[{"embeddable":true,"href":"https:\/\/colorlife.ee\/en\/wp-json\/wp\/v2\/comments?post=3898"}],"version-history":[{"count":18,"href":"https:\/\/colorlife.ee\/en\/wp-json\/wp\/v2\/pages\/3898\/revisions"}],"predecessor-version":[{"id":15247,"href":"https:\/\/colorlife.ee\/en\/wp-json\/wp\/v2\/pages\/3898\/revisions\/15247"}],"wp:attachment":[{"href":"https:\/\/colorlife.ee\/en\/wp-json\/wp\/v2\/media?parent=3898"}],"curies":[{"name":"wp","href":"https:\/\/api.w.org\/{rel}","templated":true}]}}