{"id":4152,"date":"2019-02-19T13:42:36","date_gmt":"2019-02-19T11:42:36","guid":{"rendered":"http:\/\/colorlife.ee\/?page_id=4152"},"modified":"2026-03-08T20:51:11","modified_gmt":"2026-03-08T18:51:11","slug":"shop","status":"publish","type":"page","link":"https:\/\/colorlife.ee\/en\/shop\/","title":{"rendered":"Shop"},"content":{"rendered":"<div class=\"wpb-content-wrapper\"><p>[vc_row row_content_width=&#8221;grid&#8221; css=&#8221;.vc_custom_1551794486938{padding-top: 50px !important;padding-bottom: 100px !important;}&#8221;][vc_column]<div class=\"qodef-pcl-holder qodef-standard-layout qodef-normal-space qodef-four-columns\">\n\t<div class=\"qodef-pcl-outer qodef-outer-space\">\n\t\t\t\t\t\t\t<div class=\"qodef-pcli qodef-item-space \">\n\t\t\t\t<div class=\"qodef-pcli-inner\">\n\t\t\t\t\t<div class=\"qodef-pcli-image\">\n\t\t\t\t\t\t<img loading=\"lazy\" decoding=\"async\" width=\"550\" height=\"550\" src=\"https:\/\/colorlife.ee\/wp-content\/uploads\/2023\/05\/armchair-universum-green-pink-550x550.jpg\" class=\"attachment-tonda_select_image_square size-tonda_select_image_square\" alt=\"armchair-universum-green-pink\" srcset=\"https:\/\/colorlife.ee\/wp-content\/uploads\/2023\/05\/armchair-universum-green-pink-550x550.jpg 550w, https:\/\/colorlife.ee\/wp-content\/uploads\/2023\/05\/armchair-universum-green-pink-300x300.jpg 300w, https:\/\/colorlife.ee\/wp-content\/uploads\/2023\/05\/armchair-universum-green-pink-150x150.jpg 150w, https:\/\/colorlife.ee\/wp-content\/uploads\/2023\/05\/armchair-universum-green-pink-768x768.jpg 768w, https:\/\/colorlife.ee\/wp-content\/uploads\/2023\/05\/armchair-universum-green-pink-600x600.jpg 600w, https:\/\/colorlife.ee\/wp-content\/uploads\/2023\/05\/armchair-universum-green-pink-100x100.jpg 100w, https:\/\/colorlife.ee\/wp-content\/uploads\/2023\/05\/armchair-universum-green-pink.jpg 900w\" sizes=\"(max-width: 550px) 100vw, 550px\" \/>\t\t\t\t\t<\/div>\n\t\t\t\t\t<div class=\"qodef-pcli-text\">\n\t\t\t\t\t\t<div class=\"qodef-pcli-text-outer\">\n\t\t\t\t\t\t\t<div class=\"qodef-pcli-text-inner\">\n\t\t\t\t\t\t\t\tFurniture\t\t\t\t\t\t\t<\/div>\n\t\t\t\t\t\t<\/div>\n\t\t\t\t\t<\/div>\n\t\t\t\t\t<a itemprop=\"url\" class=\"qodef-pcli-link\" href=\"https:\/\/colorlife.ee\/en\/product-category\/furniture\/\"><\/a>\n\t\t\t\t<\/div>\n\t\t\t<\/div>\n\t\t\t\t\t\t\t\t<div class=\"qodef-pcli qodef-item-space \">\n\t\t\t\t<div class=\"qodef-pcli-inner\">\n\t\t\t\t\t<div class=\"qodef-pcli-image\">\n\t\t\t\t\t\t<img loading=\"lazy\" decoding=\"async\" width=\"550\" height=\"550\" src=\"https:\/\/colorlife.ee\/wp-content\/uploads\/2026\/02\/mang-raha-armasdab-maskeraadi-550x550.jpg\" class=\"attachment-tonda_select_image_square size-tonda_select_image_square\" alt=\"mang-raha-armasdab-maskeraadi\" srcset=\"https:\/\/colorlife.ee\/wp-content\/uploads\/2026\/02\/mang-raha-armasdab-maskeraadi-550x550.jpg 550w, https:\/\/colorlife.ee\/wp-content\/uploads\/2026\/02\/mang-raha-armasdab-maskeraadi-300x300.jpg 300w, https:\/\/colorlife.ee\/wp-content\/uploads\/2026\/02\/mang-raha-armasdab-maskeraadi-150x150.jpg 150w, https:\/\/colorlife.ee\/wp-content\/uploads\/2026\/02\/mang-raha-armasdab-maskeraadi-768x768.jpg 768w, https:\/\/colorlife.ee\/wp-content\/uploads\/2026\/02\/mang-raha-armasdab-maskeraadi-600x600.jpg 600w, https:\/\/colorlife.ee\/wp-content\/uploads\/2026\/02\/mang-raha-armasdab-maskeraadi-100x100.jpg 100w, https:\/\/colorlife.ee\/wp-content\/uploads\/2026\/02\/mang-raha-armasdab-maskeraadi.jpg 900w\" sizes=\"(max-width: 550px) 100vw, 550px\" \/>\t\t\t\t\t<\/div>\n\t\t\t\t\t<div class=\"qodef-pcli-text\">\n\t\t\t\t\t\t<div class=\"qodef-pcli-text-outer\">\n\t\t\t\t\t\t\t<div class=\"qodef-pcli-text-inner\">\n\t\t\t\t\t\t\t\tGames &amp; Events\t\t\t\t\t\t\t<\/div>\n\t\t\t\t\t\t<\/div>\n\t\t\t\t\t<\/div>\n\t\t\t\t\t<a itemprop=\"url\" class=\"qodef-pcli-link\" href=\"https:\/\/colorlife.ee\/en\/product-category\/games\/\"><\/a>\n\t\t\t\t<\/div>\n\t\t\t<\/div>\n\t\t\t\t\t\t\t\t<div class=\"qodef-pcli qodef-item-space \">\n\t\t\t\t<div class=\"qodef-pcli-inner\">\n\t\t\t\t\t<div class=\"qodef-pcli-image\">\n\t\t\t\t\t\t<img loading=\"lazy\" decoding=\"async\" width=\"550\" height=\"550\" src=\"https:\/\/colorlife.ee\/wp-content\/uploads\/2025\/09\/dekoratiiv-padjad-color-life-550x550.jpg\" class=\"attachment-tonda_select_image_square size-tonda_select_image_square\" alt=\"\" srcset=\"https:\/\/colorlife.ee\/wp-content\/uploads\/2025\/09\/dekoratiiv-padjad-color-life-550x550.jpg 550w, https:\/\/colorlife.ee\/wp-content\/uploads\/2025\/09\/dekoratiiv-padjad-color-life-300x300.jpg 300w, https:\/\/colorlife.ee\/wp-content\/uploads\/2025\/09\/dekoratiiv-padjad-color-life-150x150.jpg 150w, https:\/\/colorlife.ee\/wp-content\/uploads\/2025\/09\/dekoratiiv-padjad-color-life-768x768.jpg 768w, https:\/\/colorlife.ee\/wp-content\/uploads\/2025\/09\/dekoratiiv-padjad-color-life-600x600.jpg 600w, https:\/\/colorlife.ee\/wp-content\/uploads\/2025\/09\/dekoratiiv-padjad-color-life-100x100.jpg 100w, https:\/\/colorlife.ee\/wp-content\/uploads\/2025\/09\/dekoratiiv-padjad-color-life.jpg 800w\" sizes=\"(max-width: 550px) 100vw, 550px\" \/>\t\t\t\t\t<\/div>\n\t\t\t\t\t<div class=\"qodef-pcli-text\">\n\t\t\t\t\t\t<div class=\"qodef-pcli-text-outer\">\n\t\t\t\t\t\t\t<div class=\"qodef-pcli-text-inner\">\n\t\t\t\t\t\t\t\tPillows\t\t\t\t\t\t\t<\/div>\n\t\t\t\t\t\t<\/div>\n\t\t\t\t\t<\/div>\n\t\t\t\t\t<a itemprop=\"url\" class=\"qodef-pcli-link\" href=\"https:\/\/colorlife.ee\/en\/product-category\/pillows\/\"><\/a>\n\t\t\t\t<\/div>\n\t\t\t<\/div>\n\t\t\t\t\t\t\t\t<div class=\"qodef-pcli qodef-item-space \">\n\t\t\t\t<div class=\"qodef-pcli-inner\">\n\t\t\t\t\t<div class=\"qodef-pcli-image\">\n\t\t\t\t\t\t<img loading=\"lazy\" decoding=\"async\" width=\"550\" height=\"550\" src=\"https:\/\/colorlife.ee\/wp-content\/uploads\/2020\/06\/vintro-kriidivarv-vaha-pintslid-1-550x550.jpg\" class=\"attachment-tonda_select_image_square size-tonda_select_image_square\" alt=\"vintro-kriidivarv-vaha-pintslid\" srcset=\"https:\/\/colorlife.ee\/wp-content\/uploads\/2020\/06\/vintro-kriidivarv-vaha-pintslid-1-550x550.jpg 550w, https:\/\/colorlife.ee\/wp-content\/uploads\/2020\/06\/vintro-kriidivarv-vaha-pintslid-1-300x300.jpg 300w, https:\/\/colorlife.ee\/wp-content\/uploads\/2020\/06\/vintro-kriidivarv-vaha-pintslid-1-150x150.jpg 150w, https:\/\/colorlife.ee\/wp-content\/uploads\/2020\/06\/vintro-kriidivarv-vaha-pintslid-1-768x768.jpg 768w, https:\/\/colorlife.ee\/wp-content\/uploads\/2020\/06\/vintro-kriidivarv-vaha-pintslid-1-600x600.jpg 600w, https:\/\/colorlife.ee\/wp-content\/uploads\/2020\/06\/vintro-kriidivarv-vaha-pintslid-1-100x100.jpg 100w, https:\/\/colorlife.ee\/wp-content\/uploads\/2020\/06\/vintro-kriidivarv-vaha-pintslid-1.jpg 800w\" sizes=\"(max-width: 550px) 100vw, 550px\" \/>\t\t\t\t\t<\/div>\n\t\t\t\t\t<div class=\"qodef-pcli-text\">\n\t\t\t\t\t\t<div class=\"qodef-pcli-text-outer\">\n\t\t\t\t\t\t\t<div class=\"qodef-pcli-text-inner\">\n\t\t\t\t\t\t\t\tVintro chalk paint\t\t\t\t\t\t\t<\/div>\n\t\t\t\t\t\t<\/div>\n\t\t\t\t\t<\/div>\n\t\t\t\t\t<a itemprop=\"url\" class=\"qodef-pcli-link\" href=\"https:\/\/colorlife.ee\/en\/product-category\/vintro-chalk-paint-wax\/\"><\/a>\n\t\t\t\t<\/div>\n\t\t\t<\/div>\n\t\t\t\t\t\t\t\t<div class=\"qodef-pcli qodef-item-space \">\n\t\t\t\t<div class=\"qodef-pcli-inner\">\n\t\t\t\t\t<div class=\"qodef-pcli-image\">\n\t\t\t\t\t\t<img loading=\"lazy\" decoding=\"async\" width=\"550\" height=\"550\" src=\"https:\/\/colorlife.ee\/wp-content\/uploads\/2021\/10\/kinkekaart-color-life-550x550.jpg\" class=\"attachment-tonda_select_image_square size-tonda_select_image_square\" alt=\"kinkekaart-color-life\" srcset=\"https:\/\/colorlife.ee\/wp-content\/uploads\/2021\/10\/kinkekaart-color-life-550x550.jpg 550w, https:\/\/colorlife.ee\/wp-content\/uploads\/2021\/10\/kinkekaart-color-life-300x300.jpg 300w, https:\/\/colorlife.ee\/wp-content\/uploads\/2021\/10\/kinkekaart-color-life-150x150.jpg 150w, https:\/\/colorlife.ee\/wp-content\/uploads\/2021\/10\/kinkekaart-color-life-768x768.jpg 768w, https:\/\/colorlife.ee\/wp-content\/uploads\/2021\/10\/kinkekaart-color-life-600x600.jpg 600w, https:\/\/colorlife.ee\/wp-content\/uploads\/2021\/10\/kinkekaart-color-life-100x100.jpg 100w, https:\/\/colorlife.ee\/wp-content\/uploads\/2021\/10\/kinkekaart-color-life.jpg 900w\" sizes=\"(max-width: 550px) 100vw, 550px\" \/>\t\t\t\t\t<\/div>\n\t\t\t\t\t<div class=\"qodef-pcli-text\">\n\t\t\t\t\t\t<div class=\"qodef-pcli-text-outer\">\n\t\t\t\t\t\t\t<div class=\"qodef-pcli-text-inner\">\n\t\t\t\t\t\t\t\tGift Card\t\t\t\t\t\t\t<\/div>\n\t\t\t\t\t\t<\/div>\n\t\t\t\t\t<\/div>\n\t\t\t\t\t<a itemprop=\"url\" class=\"qodef-pcli-link\" href=\"https:\/\/colorlife.ee\/en\/product-category\/gift-card\/\"><\/a>\n\t\t\t\t<\/div>\n\t\t\t<\/div>\n\t\t\t\t\t\t\t\t<div class=\"qodef-pcli qodef-item-space \">\n\t\t\t\t<div class=\"qodef-pcli-inner\">\n\t\t\t\t\t<div class=\"qodef-pcli-image\">\n\t\t\t\t\t\t<img loading=\"lazy\" decoding=\"async\" width=\"550\" height=\"550\" src=\"https:\/\/colorlife.ee\/wp-content\/uploads\/2025\/12\/purple-art3-1-550x550.jpg\" class=\"attachment-tonda_select_image_square size-tonda_select_image_square\" alt=\"purple-art3\" srcset=\"https:\/\/colorlife.ee\/wp-content\/uploads\/2025\/12\/purple-art3-1-550x550.jpg 550w, https:\/\/colorlife.ee\/wp-content\/uploads\/2025\/12\/purple-art3-1-300x300.jpg 300w, https:\/\/colorlife.ee\/wp-content\/uploads\/2025\/12\/purple-art3-1-150x150.jpg 150w, https:\/\/colorlife.ee\/wp-content\/uploads\/2025\/12\/purple-art3-1-768x768.jpg 768w, https:\/\/colorlife.ee\/wp-content\/uploads\/2025\/12\/purple-art3-1-600x600.jpg 600w, https:\/\/colorlife.ee\/wp-content\/uploads\/2025\/12\/purple-art3-1-100x100.jpg 100w, https:\/\/colorlife.ee\/wp-content\/uploads\/2025\/12\/purple-art3-1.jpg 900w\" sizes=\"(max-width: 550px) 100vw, 550px\" \/>\t\t\t\t\t<\/div>\n\t\t\t\t\t<div class=\"qodef-pcli-text\">\n\t\t\t\t\t\t<div class=\"qodef-pcli-text-outer\">\n\t\t\t\t\t\t\t<div class=\"qodef-pcli-text-inner\">\n\t\t\t\t\t\t\t\tMirror &amp; Art\t\t\t\t\t\t\t<\/div>\n\t\t\t\t\t\t<\/div>\n\t\t\t\t\t<\/div>\n\t\t\t\t\t<a itemprop=\"url\" class=\"qodef-pcli-link\" href=\"https:\/\/colorlife.ee\/en\/product-category\/mirror\/\"><\/a>\n\t\t\t\t<\/div>\n\t\t\t<\/div>\n\t\t\t\t\t\t\t\t<div class=\"qodef-pcli qodef-item-space \">\n\t\t\t\t<div class=\"qodef-pcli-inner\">\n\t\t\t\t\t<div class=\"qodef-pcli-image\">\n\t\t\t\t\t\t<img loading=\"lazy\" decoding=\"async\" width=\"550\" height=\"550\" src=\"https:\/\/colorlife.ee\/wp-content\/uploads\/2022\/10\/natalja-janek-eljas-550x550.jpg\" class=\"attachment-tonda_select_image_square size-tonda_select_image_square\" alt=\"natalja-janek-eljas\" srcset=\"https:\/\/colorlife.ee\/wp-content\/uploads\/2022\/10\/natalja-janek-eljas-550x550.jpg 550w, https:\/\/colorlife.ee\/wp-content\/uploads\/2022\/10\/natalja-janek-eljas-300x300.jpg 300w, https:\/\/colorlife.ee\/wp-content\/uploads\/2022\/10\/natalja-janek-eljas-150x150.jpg 150w, https:\/\/colorlife.ee\/wp-content\/uploads\/2022\/10\/natalja-janek-eljas-768x768.jpg 768w, https:\/\/colorlife.ee\/wp-content\/uploads\/2022\/10\/natalja-janek-eljas-600x600.jpg 600w, https:\/\/colorlife.ee\/wp-content\/uploads\/2022\/10\/natalja-janek-eljas-100x100.jpg 100w, https:\/\/colorlife.ee\/wp-content\/uploads\/2022\/10\/natalja-janek-eljas.jpg 900w\" sizes=\"(max-width: 550px) 100vw, 550px\" \/>\t\t\t\t\t<\/div>\n\t\t\t\t\t<div class=\"qodef-pcli-text\">\n\t\t\t\t\t\t<div class=\"qodef-pcli-text-outer\">\n\t\t\t\t\t\t\t<div class=\"qodef-pcli-text-inner\">\n\t\t\t\t\t\t\t\tPhoto Studio\t\t\t\t\t\t\t<\/div>\n\t\t\t\t\t\t<\/div>\n\t\t\t\t\t<\/div>\n\t\t\t\t\t<a itemprop=\"url\" class=\"qodef-pcli-link\" href=\"https:\/\/colorlife.ee\/en\/product-category\/photo-studio\/\"><\/a>\n\t\t\t\t<\/div>\n\t\t\t<\/div>\n\t\t\t\t\t\t\t\t<div class=\"qodef-pcli qodef-item-space \">\n\t\t\t\t<div class=\"qodef-pcli-inner\">\n\t\t\t\t\t<div class=\"qodef-pcli-image\">\n\t\t\t\t\t\t<img loading=\"lazy\" decoding=\"async\" width=\"550\" height=\"550\" src=\"https:\/\/colorlife.ee\/wp-content\/uploads\/2026\/03\/sila-trav-550x550.jpg\" class=\"attachment-tonda_select_image_square size-tonda_select_image_square\" alt=\"sila-trav\" srcset=\"https:\/\/colorlife.ee\/wp-content\/uploads\/2026\/03\/sila-trav-550x550.jpg 550w, https:\/\/colorlife.ee\/wp-content\/uploads\/2026\/03\/sila-trav-300x300.jpg 300w, https:\/\/colorlife.ee\/wp-content\/uploads\/2026\/03\/sila-trav-150x150.jpg 150w, https:\/\/colorlife.ee\/wp-content\/uploads\/2026\/03\/sila-trav-768x768.jpg 768w, https:\/\/colorlife.ee\/wp-content\/uploads\/2026\/03\/sila-trav-600x600.jpg 600w, https:\/\/colorlife.ee\/wp-content\/uploads\/2026\/03\/sila-trav-100x100.jpg 100w, https:\/\/colorlife.ee\/wp-content\/uploads\/2026\/03\/sila-trav.jpg 900w\" sizes=\"(max-width: 550px) 100vw, 550px\" \/>\t\t\t\t\t<\/div>\n\t\t\t\t\t<div class=\"qodef-pcli-text\">\n\t\t\t\t\t\t<div class=\"qodef-pcli-text-outer\">\n\t\t\t\t\t\t\t<div class=\"qodef-pcli-text-inner\">\n\t\t\t\t\t\t\t\tHerbal Power\t\t\t\t\t\t\t<\/div>\n\t\t\t\t\t\t<\/div>\n\t\t\t\t\t<\/div>\n\t\t\t\t\t<a itemprop=\"url\" class=\"qodef-pcli-link\" href=\"https:\/\/colorlife.ee\/en\/product-category\/herbalpower\/\"><\/a>\n\t\t\t\t<\/div>\n\t\t\t<\/div>\n\t\t\t\t\t\t<\/div>\n<\/div>[\/vc_column][\/vc_row]<\/p>\n<\/div>","protected":false},"excerpt":{"rendered":"<p>[vc_row row_content_width=&#8221;grid&#8221; css=&#8221;.vc_custom_1551794486938{padding-top: 50px !important;padding-bottom: 100px !important;}&#8221;][vc_column][\/vc_column][\/vc_row]<\/p>\n","protected":false},"author":1,"featured_media":0,"parent":0,"menu_order":0,"comment_status":"closed","ping_status":"closed","template":"full-width.php","meta":{"footnotes":""},"class_list":["post-4152","page","type-page","status-publish","hentry"],"yoast_head":"<!-- This site is optimized with the Yoast SEO plugin v23.6 - https:\/\/yoast.com\/wordpress\/plugins\/seo\/ -->\n<title>Osta eksklusiivse disainm\u00f6\u00f6bli, dekoori esemeid ja valgustid<\/title>\n<meta name=\"description\" content=\"Osta eksklusiivse tugitooli, tooli, diivani, tumba, dekoori esemeid ja lambid, mis r\u00f5hutavad teie interj\u00f6\u00f6ri, muutes selle individuaalseks tervikuks.\" \/>\n<meta name=\"robots\" content=\"index, follow, max-snippet:-1, max-image-preview:large, max-video-preview:-1\" \/>\n<link rel=\"canonical\" href=\"https:\/\/colorlife.ee\/en\/shop\/\" \/>\n<meta property=\"og:locale\" content=\"en_US\" \/>\n<meta property=\"og:type\" content=\"article\" \/>\n<meta property=\"og:title\" content=\"Osta eksklusiivse disainm\u00f6\u00f6bli, dekoori esemeid ja valgustid\" \/>\n<meta property=\"og:description\" content=\"Osta eksklusiivse tugitooli, tooli, diivani, tumba, dekoori esemeid ja lambid, mis r\u00f5hutavad teie interj\u00f6\u00f6ri, muutes selle individuaalseks tervikuks.\" \/>\n<meta property=\"og:url\" content=\"https:\/\/colorlife.ee\/en\/shop\/\" \/>\n<meta property=\"og:site_name\" content=\"Color Life Space\" \/>\n<meta property=\"article:modified_time\" content=\"2026-03-08T18:51:11+00:00\" \/>\n<meta name=\"twitter:card\" content=\"summary_large_image\" \/>\n<meta name=\"twitter:label1\" content=\"Est. reading time\" \/>\n\t<meta name=\"twitter:data1\" content=\"1 minute\" \/>\n<script type=\"application\/ld+json\" class=\"yoast-schema-graph\">{\"@context\":\"https:\/\/schema.org\",\"@graph\":[{\"@type\":\"WebPage\",\"@id\":\"https:\/\/colorlife.ee\/en\/shop\/\",\"url\":\"https:\/\/colorlife.ee\/en\/shop\/\",\"name\":\"Osta eksklusiivse disainm\u00f6\u00f6bli, dekoori esemeid ja valgustid\",\"isPartOf\":{\"@id\":\"https:\/\/colorlife.ee\/#website\"},\"datePublished\":\"2019-02-19T11:42:36+00:00\",\"dateModified\":\"2026-03-08T18:51:11+00:00\",\"description\":\"Osta eksklusiivse tugitooli, tooli, diivani, tumba, dekoori esemeid ja lambid, mis r\u00f5hutavad teie interj\u00f6\u00f6ri, muutes selle individuaalseks tervikuks.\",\"breadcrumb\":{\"@id\":\"https:\/\/colorlife.ee\/en\/shop\/#breadcrumb\"},\"inLanguage\":\"en-US\",\"potentialAction\":[{\"@type\":\"ReadAction\",\"target\":[\"https:\/\/colorlife.ee\/en\/shop\/\"]}]},{\"@type\":\"BreadcrumbList\",\"@id\":\"https:\/\/colorlife.ee\/en\/shop\/#breadcrumb\",\"itemListElement\":[{\"@type\":\"ListItem\",\"position\":1,\"name\":\"Home\",\"item\":\"https:\/\/colorlife.ee\/en\/\"},{\"@type\":\"ListItem\",\"position\":2,\"name\":\"Shop\"}]},{\"@type\":\"WebSite\",\"@id\":\"https:\/\/colorlife.ee\/#website\",\"url\":\"https:\/\/colorlife.ee\/\",\"name\":\"Color Life Space\",\"description\":\"An experiential space where art, play, design and nature meet\",\"potentialAction\":[{\"@type\":\"SearchAction\",\"target\":{\"@type\":\"EntryPoint\",\"urlTemplate\":\"https:\/\/colorlife.ee\/?s={search_term_string}\"},\"query-input\":{\"@type\":\"PropertyValueSpecification\",\"valueRequired\":true,\"valueName\":\"search_term_string\"}}],\"inLanguage\":\"en-US\"}]}<\/script>\n<!-- \/ Yoast SEO plugin. -->","yoast_head_json":{"title":"Osta eksklusiivse disainm\u00f6\u00f6bli, dekoori esemeid ja valgustid","description":"Osta eksklusiivse tugitooli, tooli, diivani, tumba, dekoori esemeid ja lambid, mis r\u00f5hutavad teie interj\u00f6\u00f6ri, muutes selle individuaalseks tervikuks.","robots":{"index":"index","follow":"follow","max-snippet":"max-snippet:-1","max-image-preview":"max-image-preview:large","max-video-preview":"max-video-preview:-1"},"canonical":"https:\/\/colorlife.ee\/en\/shop\/","og_locale":"en_US","og_type":"article","og_title":"Osta eksklusiivse disainm\u00f6\u00f6bli, dekoori esemeid ja valgustid","og_description":"Osta eksklusiivse tugitooli, tooli, diivani, tumba, dekoori esemeid ja lambid, mis r\u00f5hutavad teie interj\u00f6\u00f6ri, muutes selle individuaalseks tervikuks.","og_url":"https:\/\/colorlife.ee\/en\/shop\/","og_site_name":"Color Life Space","article_modified_time":"2026-03-08T18:51:11+00:00","twitter_card":"summary_large_image","twitter_misc":{"Est. reading time":"1 minute"},"schema":{"@context":"https:\/\/schema.org","@graph":[{"@type":"WebPage","@id":"https:\/\/colorlife.ee\/en\/shop\/","url":"https:\/\/colorlife.ee\/en\/shop\/","name":"Osta eksklusiivse disainm\u00f6\u00f6bli, dekoori esemeid ja valgustid","isPartOf":{"@id":"https:\/\/colorlife.ee\/#website"},"datePublished":"2019-02-19T11:42:36+00:00","dateModified":"2026-03-08T18:51:11+00:00","description":"Osta eksklusiivse tugitooli, tooli, diivani, tumba, dekoori esemeid ja lambid, mis r\u00f5hutavad teie interj\u00f6\u00f6ri, muutes selle individuaalseks tervikuks.","breadcrumb":{"@id":"https:\/\/colorlife.ee\/en\/shop\/#breadcrumb"},"inLanguage":"en-US","potentialAction":[{"@type":"ReadAction","target":["https:\/\/colorlife.ee\/en\/shop\/"]}]},{"@type":"BreadcrumbList","@id":"https:\/\/colorlife.ee\/en\/shop\/#breadcrumb","itemListElement":[{"@type":"ListItem","position":1,"name":"Home","item":"https:\/\/colorlife.ee\/en\/"},{"@type":"ListItem","position":2,"name":"Shop"}]},{"@type":"WebSite","@id":"https:\/\/colorlife.ee\/#website","url":"https:\/\/colorlife.ee\/","name":"Color Life Space","description":"An experiential space where art, play, design and nature meet","potentialAction":[{"@type":"SearchAction","target":{"@type":"EntryPoint","urlTemplate":"https:\/\/colorlife.ee\/?s={search_term_string}"},"query-input":{"@type":"PropertyValueSpecification","valueRequired":true,"valueName":"search_term_string"}}],"inLanguage":"en-US"}]}},"_links":{"self":[{"href":"https:\/\/colorlife.ee\/en\/wp-json\/wp\/v2\/pages\/4152"}],"collection":[{"href":"https:\/\/colorlife.ee\/en\/wp-json\/wp\/v2\/pages"}],"about":[{"href":"https:\/\/colorlife.ee\/en\/wp-json\/wp\/v2\/types\/page"}],"author":[{"embeddable":true,"href":"https:\/\/colorlife.ee\/en\/wp-json\/wp\/v2\/users\/1"}],"replies":[{"embeddable":true,"href":"https:\/\/colorlife.ee\/en\/wp-json\/wp\/v2\/comments?post=4152"}],"version-history":[{"count":36,"href":"https:\/\/colorlife.ee\/en\/wp-json\/wp\/v2\/pages\/4152\/revisions"}],"predecessor-version":[{"id":18013,"href":"https:\/\/colorlife.ee\/en\/wp-json\/wp\/v2\/pages\/4152\/revisions\/18013"}],"wp:attachment":[{"href":"https:\/\/colorlife.ee\/en\/wp-json\/wp\/v2\/media?parent=4152"}],"curies":[{"name":"wp","href":"https:\/\/api.w.org\/{rel}","templated":true}]}}