{"id":18019,"date":"2026-03-08T21:00:20","date_gmt":"2026-03-08T19:00:20","guid":{"rendered":"https:\/\/colorlife.ee\/toode\/taimetee-maksa-ja-sapipoie-jaoks\/"},"modified":"2026-03-08T21:28:47","modified_gmt":"2026-03-08T19:28:47","slug":"taimetee-maksa-ja-sapipoie-jaoks","status":"publish","type":"product","link":"https:\/\/colorlife.ee\/en\/toode\/taimetee-maksa-ja-sapipoie-jaoks\/","title":{"rendered":"Taimetee maksa ja sapip\u00f5ie jaoks."},"content":{"rendered":"","protected":false},"excerpt":{"rendered":"<h2>Kaitsebmaksarakke,stimuleerib sapieritust ja v\u00e4hendab p\u00f5letiku.<\/h2>\n<h2><\/h2>\n<p>Koostis :<\/p>\n<p>V\u00f5ilill<\/p>\n<p>Kummel<\/p>\n<p>Kibuvits<\/p>\n<p>Piparm\u00fcnt<\/p>\n<p>Noor n\u00f5ges<\/p>\n<p>Naistepuma<\/p>\n<p>Kask<\/p>\n<p>Karikakrad<\/p>\n<p>&nbsp;<\/p>\n","protected":false},"featured_media":17998,"template":"","meta":[],"product_cat":[591],"product_tag":[],"class_list":{"0":"post-18019","1":"product","2":"type-product","3":"status-publish","4":"has-post-thumbnail","6":"product_cat-herbalpower","8":"first","9":"instock","10":"taxable","11":"shipping-taxable","12":"purchasable","13":"product-type-simple"},"yoast_head":"<!-- This site is optimized with the Yoast SEO plugin v23.6 - https:\/\/yoast.com\/wordpress\/plugins\/seo\/ -->\n<title>Taimetee maksa ja sapip\u00f5ie jaoks.<\/title>\n<meta name=\"description\" content=\"Kaitsebmaksarakke,stimuleerib sapieritust ja v\u00e4hendab p\u00f5letiku.\" \/>\n<meta name=\"robots\" content=\"index, follow, max-snippet:-1, max-image-preview:large, max-video-preview:-1\" \/>\n<link rel=\"canonical\" href=\"https:\/\/colorlife.ee\/en\/toode\/taimetee-maksa-ja-sapipoie-jaoks\/\" \/>\n<meta property=\"og:locale\" content=\"en_US\" \/>\n<meta property=\"og:type\" content=\"article\" \/>\n<meta property=\"og:title\" content=\"Taimetee maksa ja sapip\u00f5ie jaoks.\" \/>\n<meta property=\"og:description\" content=\"Kaitsebmaksarakke,stimuleerib sapieritust ja v\u00e4hendab p\u00f5letiku.\" \/>\n<meta property=\"og:url\" content=\"https:\/\/colorlife.ee\/en\/toode\/taimetee-maksa-ja-sapipoie-jaoks\/\" \/>\n<meta property=\"og:site_name\" content=\"Color Life Space\" \/>\n<meta property=\"article:modified_time\" content=\"2026-03-08T19:28:47+00:00\" \/>\n<meta property=\"og:image\" content=\"https:\/\/colorlife.ee\/wp-content\/uploads\/2026\/03\/taimetee-maksa.jpg\" \/>\n\t<meta property=\"og:image:width\" content=\"900\" \/>\n\t<meta property=\"og:image:height\" content=\"900\" \/>\n\t<meta property=\"og:image:type\" content=\"image\/jpeg\" \/>\n<meta name=\"twitter:card\" content=\"summary_large_image\" \/>\n<meta name=\"twitter:label1\" content=\"Est. reading time\" \/>\n\t<meta name=\"twitter:data1\" content=\"1 minute\" \/>\n<script type=\"application\/ld+json\" class=\"yoast-schema-graph\">{\"@context\":\"https:\/\/schema.org\",\"@graph\":[{\"@type\":\"WebPage\",\"@id\":\"https:\/\/colorlife.ee\/en\/toode\/taimetee-maksa-ja-sapipoie-jaoks\/\",\"url\":\"https:\/\/colorlife.ee\/en\/toode\/taimetee-maksa-ja-sapipoie-jaoks\/\",\"name\":\"Taimetee maksa ja sapip\u00f5ie jaoks.\",\"isPartOf\":{\"@id\":\"https:\/\/colorlife.ee\/#website\"},\"primaryImageOfPage\":{\"@id\":\"https:\/\/colorlife.ee\/en\/toode\/taimetee-maksa-ja-sapipoie-jaoks\/#primaryimage\"},\"image\":{\"@id\":\"https:\/\/colorlife.ee\/en\/toode\/taimetee-maksa-ja-sapipoie-jaoks\/#primaryimage\"},\"thumbnailUrl\":\"https:\/\/colorlife.ee\/wp-content\/uploads\/2026\/03\/taimetee-maksa.jpg\",\"datePublished\":\"2026-03-08T19:00:20+00:00\",\"dateModified\":\"2026-03-08T19:28:47+00:00\",\"description\":\"Kaitsebmaksarakke,stimuleerib sapieritust ja v\u00e4hendab p\u00f5letiku.\",\"breadcrumb\":{\"@id\":\"https:\/\/colorlife.ee\/en\/toode\/taimetee-maksa-ja-sapipoie-jaoks\/#breadcrumb\"},\"inLanguage\":\"en-US\",\"potentialAction\":[{\"@type\":\"ReadAction\",\"target\":[\"https:\/\/colorlife.ee\/en\/toode\/taimetee-maksa-ja-sapipoie-jaoks\/\"]}]},{\"@type\":\"ImageObject\",\"inLanguage\":\"en-US\",\"@id\":\"https:\/\/colorlife.ee\/en\/toode\/taimetee-maksa-ja-sapipoie-jaoks\/#primaryimage\",\"url\":\"https:\/\/colorlife.ee\/wp-content\/uploads\/2026\/03\/taimetee-maksa.jpg\",\"contentUrl\":\"https:\/\/colorlife.ee\/wp-content\/uploads\/2026\/03\/taimetee-maksa.jpg\",\"width\":900,\"height\":900,\"caption\":\"taimetee-maksa\"},{\"@type\":\"BreadcrumbList\",\"@id\":\"https:\/\/colorlife.ee\/en\/toode\/taimetee-maksa-ja-sapipoie-jaoks\/#breadcrumb\",\"itemListElement\":[{\"@type\":\"ListItem\",\"position\":1,\"name\":\"Home\",\"item\":\"https:\/\/colorlife.ee\/en\/\"},{\"@type\":\"ListItem\",\"position\":2,\"name\":\"EShop\",\"item\":\"https:\/\/colorlife.ee\/en\/eshop\/\"},{\"@type\":\"ListItem\",\"position\":3,\"name\":\"Taimetee maksa ja sapip\u00f5ie jaoks.\"}]},{\"@type\":\"WebSite\",\"@id\":\"https:\/\/colorlife.ee\/#website\",\"url\":\"https:\/\/colorlife.ee\/\",\"name\":\"Color Life Space\",\"description\":\"An experiential space where art, play, design and nature meet\",\"potentialAction\":[{\"@type\":\"SearchAction\",\"target\":{\"@type\":\"EntryPoint\",\"urlTemplate\":\"https:\/\/colorlife.ee\/?s={search_term_string}\"},\"query-input\":{\"@type\":\"PropertyValueSpecification\",\"valueRequired\":true,\"valueName\":\"search_term_string\"}}],\"inLanguage\":\"en-US\"}]}<\/script>\n<!-- \/ Yoast SEO plugin. -->","yoast_head_json":{"title":"Taimetee maksa ja sapip\u00f5ie jaoks.","description":"Kaitsebmaksarakke,stimuleerib sapieritust ja v\u00e4hendab p\u00f5letiku.","robots":{"index":"index","follow":"follow","max-snippet":"max-snippet:-1","max-image-preview":"max-image-preview:large","max-video-preview":"max-video-preview:-1"},"canonical":"https:\/\/colorlife.ee\/en\/toode\/taimetee-maksa-ja-sapipoie-jaoks\/","og_locale":"en_US","og_type":"article","og_title":"Taimetee maksa ja sapip\u00f5ie jaoks.","og_description":"Kaitsebmaksarakke,stimuleerib sapieritust ja v\u00e4hendab p\u00f5letiku.","og_url":"https:\/\/colorlife.ee\/en\/toode\/taimetee-maksa-ja-sapipoie-jaoks\/","og_site_name":"Color Life Space","article_modified_time":"2026-03-08T19:28:47+00:00","og_image":[{"width":900,"height":900,"url":"https:\/\/colorlife.ee\/wp-content\/uploads\/2026\/03\/taimetee-maksa.jpg","type":"image\/jpeg"}],"twitter_card":"summary_large_image","twitter_misc":{"Est. reading time":"1 minute"},"schema":{"@context":"https:\/\/schema.org","@graph":[{"@type":"WebPage","@id":"https:\/\/colorlife.ee\/en\/toode\/taimetee-maksa-ja-sapipoie-jaoks\/","url":"https:\/\/colorlife.ee\/en\/toode\/taimetee-maksa-ja-sapipoie-jaoks\/","name":"Taimetee maksa ja sapip\u00f5ie jaoks.","isPartOf":{"@id":"https:\/\/colorlife.ee\/#website"},"primaryImageOfPage":{"@id":"https:\/\/colorlife.ee\/en\/toode\/taimetee-maksa-ja-sapipoie-jaoks\/#primaryimage"},"image":{"@id":"https:\/\/colorlife.ee\/en\/toode\/taimetee-maksa-ja-sapipoie-jaoks\/#primaryimage"},"thumbnailUrl":"https:\/\/colorlife.ee\/wp-content\/uploads\/2026\/03\/taimetee-maksa.jpg","datePublished":"2026-03-08T19:00:20+00:00","dateModified":"2026-03-08T19:28:47+00:00","description":"Kaitsebmaksarakke,stimuleerib sapieritust ja v\u00e4hendab p\u00f5letiku.","breadcrumb":{"@id":"https:\/\/colorlife.ee\/en\/toode\/taimetee-maksa-ja-sapipoie-jaoks\/#breadcrumb"},"inLanguage":"en-US","potentialAction":[{"@type":"ReadAction","target":["https:\/\/colorlife.ee\/en\/toode\/taimetee-maksa-ja-sapipoie-jaoks\/"]}]},{"@type":"ImageObject","inLanguage":"en-US","@id":"https:\/\/colorlife.ee\/en\/toode\/taimetee-maksa-ja-sapipoie-jaoks\/#primaryimage","url":"https:\/\/colorlife.ee\/wp-content\/uploads\/2026\/03\/taimetee-maksa.jpg","contentUrl":"https:\/\/colorlife.ee\/wp-content\/uploads\/2026\/03\/taimetee-maksa.jpg","width":900,"height":900,"caption":"taimetee-maksa"},{"@type":"BreadcrumbList","@id":"https:\/\/colorlife.ee\/en\/toode\/taimetee-maksa-ja-sapipoie-jaoks\/#breadcrumb","itemListElement":[{"@type":"ListItem","position":1,"name":"Home","item":"https:\/\/colorlife.ee\/en\/"},{"@type":"ListItem","position":2,"name":"EShop","item":"https:\/\/colorlife.ee\/en\/eshop\/"},{"@type":"ListItem","position":3,"name":"Taimetee maksa ja sapip\u00f5ie jaoks."}]},{"@type":"WebSite","@id":"https:\/\/colorlife.ee\/#website","url":"https:\/\/colorlife.ee\/","name":"Color Life Space","description":"An experiential space where art, play, design and nature meet","potentialAction":[{"@type":"SearchAction","target":{"@type":"EntryPoint","urlTemplate":"https:\/\/colorlife.ee\/?s={search_term_string}"},"query-input":{"@type":"PropertyValueSpecification","valueRequired":true,"valueName":"search_term_string"}}],"inLanguage":"en-US"}]}},"_links":{"self":[{"href":"https:\/\/colorlife.ee\/en\/wp-json\/wp\/v2\/product\/18019"}],"collection":[{"href":"https:\/\/colorlife.ee\/en\/wp-json\/wp\/v2\/product"}],"about":[{"href":"https:\/\/colorlife.ee\/en\/wp-json\/wp\/v2\/types\/product"}],"wp:featuredmedia":[{"embeddable":true,"href":"https:\/\/colorlife.ee\/en\/wp-json\/wp\/v2\/media\/17998"}],"wp:attachment":[{"href":"https:\/\/colorlife.ee\/en\/wp-json\/wp\/v2\/media?parent=18019"}],"wp:term":[{"taxonomy":"product_cat","embeddable":true,"href":"https:\/\/colorlife.ee\/en\/wp-json\/wp\/v2\/product_cat?post=18019"},{"taxonomy":"product_tag","embeddable":true,"href":"https:\/\/colorlife.ee\/en\/wp-json\/wp\/v2\/product_tag?post=18019"}],"curies":[{"name":"wp","href":"https:\/\/api.w.org\/{rel}","templated":true}]}}