{"id":5179,"date":"2019-04-26T13:37:30","date_gmt":"2019-04-26T10:39:30","guid":{"rendered":"https:\/\/colorlife.ee\/?post_type=product&#038;p=5179"},"modified":"2021-07-06T15:23:35","modified_gmt":"2021-07-06T12:23:35","slug":"gentelmen-yellow","status":"publish","type":"product","link":"https:\/\/colorlife.ee\/en\/toode\/gentelmen-yellow\/","title":{"rendered":"GENTELMEN yellow"},"content":{"rendered":"<h3>I GOT INSPIRATION FROM THE MOST MYSTERIOUS ENGLISH GENTELMEN SHERLOCK HOLMES.<\/h3>\n<p>Emma is a soft chair with a rounded back that was often found in the Swedish neo-rococo of the 1820s. It is still the favorite model of the chair. It can be found in almost every Swedish family.<\/p>\n<p>ADDITIONAL INFORMATION<\/p>\n<ul>\n<li>Colors: Yellow, Black, White<\/li>\n<li>Materials: Solid wood legs and frame. Velvet, fabric with Houndstooth pattern, quality foam, zigzag steel springs<\/li>\n<\/ul>\n","protected":false},"excerpt":{"rendered":"<h1>BLACK AND YELLOW COMBO, A COMBINATION THAT\u2019S BEAUTIFUL AND CAN BE BOTH ELEGANT AND CASUAL.<\/h1>\n<p>I used this design it because I wanted the chair to be appreciated for its clean, comfortable lines and to bring a hit of fun to the room.<\/p>\n<p><strong>Houndstooth<\/strong>\u00a0is a masculine pattern to me.\u00a0 It\u2019s clean and crisp, and brings a nice shape into the space. And it never looks dated. I love that!<\/p>\n<p>This textile named after the jagged teeth of a dog, houndstooth is considered an upscale pattern with a gentlemanly air.<\/p>\n<p>While often associated with men\u2019s suiting fabric, houndstooth has found firm footing in home decor.<\/p>\n<p>This chair is compact and takes up minimum space, thanks to which it fits well with our apartments.<\/p>\n<p>62 x 60 x 83 cm, 13 kg<\/p>\n<p><strong>THE ESTIMATED DELIVERY TIME FOR THIS ITEM IS 4 WEEKS!<\/strong><\/p>\n","protected":false},"featured_media":5165,"template":"","meta":[],"product_cat":[560],"product_tag":[],"class_list":{"0":"post-5179","1":"product","2":"type-product","3":"status-publish","4":"has-post-thumbnail","6":"product_cat-kinkekaart","8":"first","9":"onbackorder","10":"taxable","11":"shipping-taxable","12":"purchasable","13":"product-type-simple"},"yoast_head":"<!-- This site is optimized with the Yoast SEO plugin v23.6 - https:\/\/yoast.com\/wordpress\/plugins\/seo\/ -->\n<title>Kollane tugitool on kompaktne ja v\u00f5tab v\u00e4he ruumi<\/title>\n<meta name=\"description\" content=\"Kombinatsioon must-valge-kollane on maitsekas ja ilus. See loob puhtuse ja v\u00e4rskuse tunde, vormib meeldiva ruumi ning on alati kaasaegne.\" \/>\n<meta name=\"robots\" content=\"index, follow, max-snippet:-1, max-image-preview:large, max-video-preview:-1\" \/>\n<link rel=\"canonical\" href=\"https:\/\/colorlife.ee\/en\/toode\/gentelmen-yellow\/\" \/>\n<meta property=\"og:locale\" content=\"en_US\" \/>\n<meta property=\"og:type\" content=\"article\" \/>\n<meta property=\"og:title\" content=\"Kollane tugitool on kompaktne ja v\u00f5tab v\u00e4he ruumi\" \/>\n<meta property=\"og:description\" content=\"Kombinatsioon must-valge-kollane on maitsekas ja ilus. See loob puhtuse ja v\u00e4rskuse tunde, vormib meeldiva ruumi ning on alati kaasaegne.\" \/>\n<meta property=\"og:url\" content=\"https:\/\/colorlife.ee\/en\/toode\/gentelmen-yellow\/\" \/>\n<meta property=\"og:site_name\" content=\"Color Life Space\" \/>\n<meta property=\"article:modified_time\" content=\"2021-07-06T12:23:35+00:00\" \/>\n<meta property=\"og:image\" content=\"https:\/\/colorlife.ee\/wp-content\/uploads\/2019\/04\/Tugitool-dzentelmen-Houndstooth-muster-kollane-samet-mustad-jalad-noopidega-disain-moobel-kasitoo-varviline.jpg\" \/>\n\t<meta property=\"og:image:width\" content=\"800\" \/>\n\t<meta property=\"og:image:height\" content=\"800\" \/>\n\t<meta property=\"og:image:type\" content=\"image\/jpeg\" \/>\n<meta name=\"twitter:card\" content=\"summary_large_image\" \/>\n<script type=\"application\/ld+json\" class=\"yoast-schema-graph\">{\"@context\":\"https:\/\/schema.org\",\"@graph\":[{\"@type\":\"WebPage\",\"@id\":\"https:\/\/colorlife.ee\/en\/toode\/gentelmen-yellow\/\",\"url\":\"https:\/\/colorlife.ee\/en\/toode\/gentelmen-yellow\/\",\"name\":\"Kollane tugitool on kompaktne ja v\u00f5tab v\u00e4he ruumi\",\"isPartOf\":{\"@id\":\"https:\/\/colorlife.ee\/#website\"},\"primaryImageOfPage\":{\"@id\":\"https:\/\/colorlife.ee\/en\/toode\/gentelmen-yellow\/#primaryimage\"},\"image\":{\"@id\":\"https:\/\/colorlife.ee\/en\/toode\/gentelmen-yellow\/#primaryimage\"},\"thumbnailUrl\":\"https:\/\/colorlife.ee\/wp-content\/uploads\/2019\/04\/Tugitool-dzentelmen-Houndstooth-muster-kollane-samet-mustad-jalad-noopidega-disain-moobel-kasitoo-varviline.jpg\",\"datePublished\":\"2019-04-26T10:39:30+00:00\",\"dateModified\":\"2021-07-06T12:23:35+00:00\",\"description\":\"Kombinatsioon must-valge-kollane on maitsekas ja ilus. See loob puhtuse ja v\u00e4rskuse tunde, vormib meeldiva ruumi ning on alati kaasaegne.\",\"breadcrumb\":{\"@id\":\"https:\/\/colorlife.ee\/en\/toode\/gentelmen-yellow\/#breadcrumb\"},\"inLanguage\":\"en-US\",\"potentialAction\":[{\"@type\":\"ReadAction\",\"target\":[\"https:\/\/colorlife.ee\/en\/toode\/gentelmen-yellow\/\"]}]},{\"@type\":\"ImageObject\",\"inLanguage\":\"en-US\",\"@id\":\"https:\/\/colorlife.ee\/en\/toode\/gentelmen-yellow\/#primaryimage\",\"url\":\"https:\/\/colorlife.ee\/wp-content\/uploads\/2019\/04\/Tugitool-dzentelmen-Houndstooth-muster-kollane-samet-mustad-jalad-noopidega-disain-moobel-kasitoo-varviline.jpg\",\"contentUrl\":\"https:\/\/colorlife.ee\/wp-content\/uploads\/2019\/04\/Tugitool-dzentelmen-Houndstooth-muster-kollane-samet-mustad-jalad-noopidega-disain-moobel-kasitoo-varviline.jpg\",\"width\":800,\"height\":800,\"caption\":\"Tugitool-dzentelmen-Houndstooth-muster-kollane-samet-mustad-jalad-noopidega-disain-moobel-kasitoo-varviline\"},{\"@type\":\"BreadcrumbList\",\"@id\":\"https:\/\/colorlife.ee\/en\/toode\/gentelmen-yellow\/#breadcrumb\",\"itemListElement\":[{\"@type\":\"ListItem\",\"position\":1,\"name\":\"Home\",\"item\":\"https:\/\/colorlife.ee\/en\/\"},{\"@type\":\"ListItem\",\"position\":2,\"name\":\"EShop\",\"item\":\"https:\/\/colorlife.ee\/en\/eshop\/\"},{\"@type\":\"ListItem\",\"position\":3,\"name\":\"GENTELMEN yellow\"}]},{\"@type\":\"WebSite\",\"@id\":\"https:\/\/colorlife.ee\/#website\",\"url\":\"https:\/\/colorlife.ee\/\",\"name\":\"Color Life Space\",\"description\":\"An experiential space where art, play, design and nature meet\",\"potentialAction\":[{\"@type\":\"SearchAction\",\"target\":{\"@type\":\"EntryPoint\",\"urlTemplate\":\"https:\/\/colorlife.ee\/?s={search_term_string}\"},\"query-input\":{\"@type\":\"PropertyValueSpecification\",\"valueRequired\":true,\"valueName\":\"search_term_string\"}}],\"inLanguage\":\"en-US\"}]}<\/script>\n<!-- \/ Yoast SEO plugin. -->","yoast_head_json":{"title":"Kollane tugitool on kompaktne ja v\u00f5tab v\u00e4he ruumi","description":"Kombinatsioon must-valge-kollane on maitsekas ja ilus. See loob puhtuse ja v\u00e4rskuse tunde, vormib meeldiva ruumi ning on alati kaasaegne.","robots":{"index":"index","follow":"follow","max-snippet":"max-snippet:-1","max-image-preview":"max-image-preview:large","max-video-preview":"max-video-preview:-1"},"canonical":"https:\/\/colorlife.ee\/en\/toode\/gentelmen-yellow\/","og_locale":"en_US","og_type":"article","og_title":"Kollane tugitool on kompaktne ja v\u00f5tab v\u00e4he ruumi","og_description":"Kombinatsioon must-valge-kollane on maitsekas ja ilus. See loob puhtuse ja v\u00e4rskuse tunde, vormib meeldiva ruumi ning on alati kaasaegne.","og_url":"https:\/\/colorlife.ee\/en\/toode\/gentelmen-yellow\/","og_site_name":"Color Life Space","article_modified_time":"2021-07-06T12:23:35+00:00","og_image":[{"width":800,"height":800,"url":"https:\/\/colorlife.ee\/wp-content\/uploads\/2019\/04\/Tugitool-dzentelmen-Houndstooth-muster-kollane-samet-mustad-jalad-noopidega-disain-moobel-kasitoo-varviline.jpg","type":"image\/jpeg"}],"twitter_card":"summary_large_image","schema":{"@context":"https:\/\/schema.org","@graph":[{"@type":"WebPage","@id":"https:\/\/colorlife.ee\/en\/toode\/gentelmen-yellow\/","url":"https:\/\/colorlife.ee\/en\/toode\/gentelmen-yellow\/","name":"Kollane tugitool on kompaktne ja v\u00f5tab v\u00e4he ruumi","isPartOf":{"@id":"https:\/\/colorlife.ee\/#website"},"primaryImageOfPage":{"@id":"https:\/\/colorlife.ee\/en\/toode\/gentelmen-yellow\/#primaryimage"},"image":{"@id":"https:\/\/colorlife.ee\/en\/toode\/gentelmen-yellow\/#primaryimage"},"thumbnailUrl":"https:\/\/colorlife.ee\/wp-content\/uploads\/2019\/04\/Tugitool-dzentelmen-Houndstooth-muster-kollane-samet-mustad-jalad-noopidega-disain-moobel-kasitoo-varviline.jpg","datePublished":"2019-04-26T10:39:30+00:00","dateModified":"2021-07-06T12:23:35+00:00","description":"Kombinatsioon must-valge-kollane on maitsekas ja ilus. See loob puhtuse ja v\u00e4rskuse tunde, vormib meeldiva ruumi ning on alati kaasaegne.","breadcrumb":{"@id":"https:\/\/colorlife.ee\/en\/toode\/gentelmen-yellow\/#breadcrumb"},"inLanguage":"en-US","potentialAction":[{"@type":"ReadAction","target":["https:\/\/colorlife.ee\/en\/toode\/gentelmen-yellow\/"]}]},{"@type":"ImageObject","inLanguage":"en-US","@id":"https:\/\/colorlife.ee\/en\/toode\/gentelmen-yellow\/#primaryimage","url":"https:\/\/colorlife.ee\/wp-content\/uploads\/2019\/04\/Tugitool-dzentelmen-Houndstooth-muster-kollane-samet-mustad-jalad-noopidega-disain-moobel-kasitoo-varviline.jpg","contentUrl":"https:\/\/colorlife.ee\/wp-content\/uploads\/2019\/04\/Tugitool-dzentelmen-Houndstooth-muster-kollane-samet-mustad-jalad-noopidega-disain-moobel-kasitoo-varviline.jpg","width":800,"height":800,"caption":"Tugitool-dzentelmen-Houndstooth-muster-kollane-samet-mustad-jalad-noopidega-disain-moobel-kasitoo-varviline"},{"@type":"BreadcrumbList","@id":"https:\/\/colorlife.ee\/en\/toode\/gentelmen-yellow\/#breadcrumb","itemListElement":[{"@type":"ListItem","position":1,"name":"Home","item":"https:\/\/colorlife.ee\/en\/"},{"@type":"ListItem","position":2,"name":"EShop","item":"https:\/\/colorlife.ee\/en\/eshop\/"},{"@type":"ListItem","position":3,"name":"GENTELMEN yellow"}]},{"@type":"WebSite","@id":"https:\/\/colorlife.ee\/#website","url":"https:\/\/colorlife.ee\/","name":"Color Life Space","description":"An experiential space where art, play, design and nature meet","potentialAction":[{"@type":"SearchAction","target":{"@type":"EntryPoint","urlTemplate":"https:\/\/colorlife.ee\/?s={search_term_string}"},"query-input":{"@type":"PropertyValueSpecification","valueRequired":true,"valueName":"search_term_string"}}],"inLanguage":"en-US"}]}},"_links":{"self":[{"href":"https:\/\/colorlife.ee\/en\/wp-json\/wp\/v2\/product\/5179"}],"collection":[{"href":"https:\/\/colorlife.ee\/en\/wp-json\/wp\/v2\/product"}],"about":[{"href":"https:\/\/colorlife.ee\/en\/wp-json\/wp\/v2\/types\/product"}],"wp:featuredmedia":[{"embeddable":true,"href":"https:\/\/colorlife.ee\/en\/wp-json\/wp\/v2\/media\/5165"}],"wp:attachment":[{"href":"https:\/\/colorlife.ee\/en\/wp-json\/wp\/v2\/media?parent=5179"}],"wp:term":[{"taxonomy":"product_cat","embeddable":true,"href":"https:\/\/colorlife.ee\/en\/wp-json\/wp\/v2\/product_cat?post=5179"},{"taxonomy":"product_tag","embeddable":true,"href":"https:\/\/colorlife.ee\/en\/wp-json\/wp\/v2\/product_tag?post=5179"}],"curies":[{"name":"wp","href":"https:\/\/api.w.org\/{rel}","templated":true}]}}