{"id":7773,"date":"2020-07-02T16:17:46","date_gmt":"2020-07-02T13:21:50","guid":{"rendered":"https:\/\/colorlife.ee\/?post_type=product&#038;p=7773"},"modified":"2020-07-02T16:21:51","modified_gmt":"2020-07-02T13:21:51","slug":"clear-wax","status":"publish","type":"product","link":"https:\/\/colorlife.ee\/en\/toode\/clear-wax\/","title":{"rendered":"Clear wax"},"content":{"rendered":"","protected":false},"excerpt":{"rendered":"<h1>Vintro Clear wax<\/h1>\n<div id=\"overview_text\">\n<p>Our waxes comes in clear or dark and can be applied with either one of our natural bristle wax brushes or a lint free rag made from an old bed sheet or tee-shirt.\u00a0 It is a beautiful soft wax and unlike many other waxes on the market, it can be buffed immediately to a high sheen.<\/p>\n<\/div>\n<p>Vintro Waxes can be used over any of the Vintro Paints or on unpainted wooden surfaces.<br \/>\nIt will take 7 days for the waxes to cure, after which time the surface can be wiped with a dry or damp duster.\u00a0 We recommend that you re-wax your project yearly for continued protection.<br \/>\nFor areas of high moisture such as bathrooms, kitchens or exterior projects, we recommend using\u00a0Vintro Extreme Lacquer.<\/p>\n","protected":false},"featured_media":7730,"template":"","meta":[],"product_cat":[543],"product_tag":[],"class_list":{"0":"post-7773","1":"product","2":"type-product","3":"status-publish","4":"has-post-thumbnail","6":"product_cat-wax-lacquer","8":"first","9":"instock","10":"taxable","11":"shipping-taxable","12":"purchasable","13":"product-type-simple"},"yoast_head":"<!-- This site is optimized with the Yoast SEO plugin v23.6 - https:\/\/yoast.com\/wordpress\/plugins\/seo\/ -->\n<title>Clear wax - Color Life Space<\/title>\n<meta name=\"robots\" content=\"index, follow, max-snippet:-1, max-image-preview:large, max-video-preview:-1\" \/>\n<link rel=\"canonical\" href=\"https:\/\/colorlife.ee\/en\/toode\/clear-wax\/\" \/>\n<meta property=\"og:locale\" content=\"en_US\" \/>\n<meta property=\"og:type\" content=\"article\" \/>\n<meta property=\"og:title\" content=\"Clear wax - Color Life Space\" \/>\n<meta property=\"og:description\" content=\"Vintro Clear wax   Our waxes comes in clear or dark and can be applied with either one of our natural bristle wax brushes or a lint free rag made from an old bed sheet or tee-shirt.\u00a0 It is a beautiful soft wax and unlike many other waxes on the market, it can be buffed immediately to a high sheen.   Vintro Waxes can be used over any of the Vintro Paints or on unpainted wooden surfaces. It will take 7 days for the waxes to cure, after which time the surface can be wiped with a dry or damp duster.\u00a0 We recommend that you re-wax your project yearly for continued protection. For areas of high moisture such as bathrooms, kitchens or exterior projects, we recommend using\u00a0Vintro Extreme Lacquer.\" \/>\n<meta property=\"og:url\" content=\"https:\/\/colorlife.ee\/en\/toode\/clear-wax\/\" \/>\n<meta property=\"og:site_name\" content=\"Color Life Space\" \/>\n<meta property=\"article:modified_time\" content=\"2020-07-02T13:21:51+00:00\" \/>\n<meta property=\"og:image\" content=\"https:\/\/colorlife.ee\/wp-content\/uploads\/2020\/07\/clear-vintro-wax.jpg\" \/>\n\t<meta property=\"og:image:width\" content=\"800\" \/>\n\t<meta property=\"og:image:height\" content=\"800\" \/>\n\t<meta property=\"og:image:type\" content=\"image\/jpeg\" \/>\n<meta name=\"twitter:card\" content=\"summary_large_image\" \/>\n<script type=\"application\/ld+json\" class=\"yoast-schema-graph\">{\"@context\":\"https:\/\/schema.org\",\"@graph\":[{\"@type\":\"WebPage\",\"@id\":\"https:\/\/colorlife.ee\/en\/toode\/clear-wax\/\",\"url\":\"https:\/\/colorlife.ee\/en\/toode\/clear-wax\/\",\"name\":\"Clear wax - Color Life Space\",\"isPartOf\":{\"@id\":\"https:\/\/colorlife.ee\/#website\"},\"primaryImageOfPage\":{\"@id\":\"https:\/\/colorlife.ee\/en\/toode\/clear-wax\/#primaryimage\"},\"image\":{\"@id\":\"https:\/\/colorlife.ee\/en\/toode\/clear-wax\/#primaryimage\"},\"thumbnailUrl\":\"https:\/\/colorlife.ee\/wp-content\/uploads\/2020\/07\/clear-vintro-wax.jpg\",\"datePublished\":\"2020-07-02T13:21:50+00:00\",\"dateModified\":\"2020-07-02T13:21:51+00:00\",\"breadcrumb\":{\"@id\":\"https:\/\/colorlife.ee\/en\/toode\/clear-wax\/#breadcrumb\"},\"inLanguage\":\"en-US\",\"potentialAction\":[{\"@type\":\"ReadAction\",\"target\":[\"https:\/\/colorlife.ee\/en\/toode\/clear-wax\/\"]}]},{\"@type\":\"ImageObject\",\"inLanguage\":\"en-US\",\"@id\":\"https:\/\/colorlife.ee\/en\/toode\/clear-wax\/#primaryimage\",\"url\":\"https:\/\/colorlife.ee\/wp-content\/uploads\/2020\/07\/clear-vintro-wax.jpg\",\"contentUrl\":\"https:\/\/colorlife.ee\/wp-content\/uploads\/2020\/07\/clear-vintro-wax.jpg\",\"width\":800,\"height\":800,\"caption\":\"Vaha on suurep\u00e4rane viis kriidiv\u00e4rviga v\u00e4rvitud m\u00f6\u00f6bli sametiseks l\u00f5ppviimistlemiseks. V\u00e4rviliste vahadega on v\u00f5imalik erinevaid vanutusefekte lisada. Vahatatud m\u00f6\u00f6bel j\u00e4tab sooja ning v\u00e4\u00e4rtusliku mulje. NB! Vaha vajab kerget poleerimist heleda riidest lapiga. P\u00e4rast vaha poleerimist on pind katsudes siidine. Poleerimata j\u00e4tmisel v\u00f5ib pind j\u00e4\u00e4da kleepuv. Peale kandmiseks kasutage pintslit ning pigem \u00f5hukese \u00fchtlase kihina, see lihtsustab poleerimist. KASUTAMINE: kandke pintsli v\u00f5i puhta lapiga \u00f5huke kiht vaha kuivale pinnale. P\u00fchkige kohe \u00fcleliigne vaha maha, ning h\u00f5\u00f5ruge ringikujuliste liigutustega vaha v\u00e4rvi sisse. Vaha ei tohi j\u00e4\u00e4da nakkuv. L\u00e4ikega viimistluse saavutamiseks poleerige villase lapiga. Kui vahatate lauaplaati v\u00f5i muud paljukasutatavat pinda, korrake tegevust kuni kolm korda. Ei sobi liigniisketesse ruumidesse. T\u00f6\u00f6vahendid puhastada White Spiriti ning sooja vee ja seebiga.\"},{\"@type\":\"BreadcrumbList\",\"@id\":\"https:\/\/colorlife.ee\/en\/toode\/clear-wax\/#breadcrumb\",\"itemListElement\":[{\"@type\":\"ListItem\",\"position\":1,\"name\":\"Home\",\"item\":\"https:\/\/colorlife.ee\/en\/\"},{\"@type\":\"ListItem\",\"position\":2,\"name\":\"EShop\",\"item\":\"https:\/\/colorlife.ee\/en\/eshop\/\"},{\"@type\":\"ListItem\",\"position\":3,\"name\":\"Clear wax\"}]},{\"@type\":\"WebSite\",\"@id\":\"https:\/\/colorlife.ee\/#website\",\"url\":\"https:\/\/colorlife.ee\/\",\"name\":\"Color Life Space\",\"description\":\"An experiential space where art, play, design and nature meet\",\"potentialAction\":[{\"@type\":\"SearchAction\",\"target\":{\"@type\":\"EntryPoint\",\"urlTemplate\":\"https:\/\/colorlife.ee\/?s={search_term_string}\"},\"query-input\":{\"@type\":\"PropertyValueSpecification\",\"valueRequired\":true,\"valueName\":\"search_term_string\"}}],\"inLanguage\":\"en-US\"}]}<\/script>\n<!-- \/ Yoast SEO plugin. -->","yoast_head_json":{"title":"Clear wax - Color Life Space","robots":{"index":"index","follow":"follow","max-snippet":"max-snippet:-1","max-image-preview":"max-image-preview:large","max-video-preview":"max-video-preview:-1"},"canonical":"https:\/\/colorlife.ee\/en\/toode\/clear-wax\/","og_locale":"en_US","og_type":"article","og_title":"Clear wax - Color Life Space","og_description":"Vintro Clear wax   Our waxes comes in clear or dark and can be applied with either one of our natural bristle wax brushes or a lint free rag made from an old bed sheet or tee-shirt.\u00a0 It is a beautiful soft wax and unlike many other waxes on the market, it can be buffed immediately to a high sheen.   Vintro Waxes can be used over any of the Vintro Paints or on unpainted wooden surfaces. It will take 7 days for the waxes to cure, after which time the surface can be wiped with a dry or damp duster.\u00a0 We recommend that you re-wax your project yearly for continued protection. For areas of high moisture such as bathrooms, kitchens or exterior projects, we recommend using\u00a0Vintro Extreme Lacquer.","og_url":"https:\/\/colorlife.ee\/en\/toode\/clear-wax\/","og_site_name":"Color Life Space","article_modified_time":"2020-07-02T13:21:51+00:00","og_image":[{"width":800,"height":800,"url":"https:\/\/colorlife.ee\/wp-content\/uploads\/2020\/07\/clear-vintro-wax.jpg","type":"image\/jpeg"}],"twitter_card":"summary_large_image","schema":{"@context":"https:\/\/schema.org","@graph":[{"@type":"WebPage","@id":"https:\/\/colorlife.ee\/en\/toode\/clear-wax\/","url":"https:\/\/colorlife.ee\/en\/toode\/clear-wax\/","name":"Clear wax - Color Life Space","isPartOf":{"@id":"https:\/\/colorlife.ee\/#website"},"primaryImageOfPage":{"@id":"https:\/\/colorlife.ee\/en\/toode\/clear-wax\/#primaryimage"},"image":{"@id":"https:\/\/colorlife.ee\/en\/toode\/clear-wax\/#primaryimage"},"thumbnailUrl":"https:\/\/colorlife.ee\/wp-content\/uploads\/2020\/07\/clear-vintro-wax.jpg","datePublished":"2020-07-02T13:21:50+00:00","dateModified":"2020-07-02T13:21:51+00:00","breadcrumb":{"@id":"https:\/\/colorlife.ee\/en\/toode\/clear-wax\/#breadcrumb"},"inLanguage":"en-US","potentialAction":[{"@type":"ReadAction","target":["https:\/\/colorlife.ee\/en\/toode\/clear-wax\/"]}]},{"@type":"ImageObject","inLanguage":"en-US","@id":"https:\/\/colorlife.ee\/en\/toode\/clear-wax\/#primaryimage","url":"https:\/\/colorlife.ee\/wp-content\/uploads\/2020\/07\/clear-vintro-wax.jpg","contentUrl":"https:\/\/colorlife.ee\/wp-content\/uploads\/2020\/07\/clear-vintro-wax.jpg","width":800,"height":800,"caption":"Vaha on suurep\u00e4rane viis kriidiv\u00e4rviga v\u00e4rvitud m\u00f6\u00f6bli sametiseks l\u00f5ppviimistlemiseks. V\u00e4rviliste vahadega on v\u00f5imalik erinevaid vanutusefekte lisada. Vahatatud m\u00f6\u00f6bel j\u00e4tab sooja ning v\u00e4\u00e4rtusliku mulje. NB! Vaha vajab kerget poleerimist heleda riidest lapiga. P\u00e4rast vaha poleerimist on pind katsudes siidine. Poleerimata j\u00e4tmisel v\u00f5ib pind j\u00e4\u00e4da kleepuv. Peale kandmiseks kasutage pintslit ning pigem \u00f5hukese \u00fchtlase kihina, see lihtsustab poleerimist. KASUTAMINE: kandke pintsli v\u00f5i puhta lapiga \u00f5huke kiht vaha kuivale pinnale. P\u00fchkige kohe \u00fcleliigne vaha maha, ning h\u00f5\u00f5ruge ringikujuliste liigutustega vaha v\u00e4rvi sisse. Vaha ei tohi j\u00e4\u00e4da nakkuv. L\u00e4ikega viimistluse saavutamiseks poleerige villase lapiga. Kui vahatate lauaplaati v\u00f5i muud paljukasutatavat pinda, korrake tegevust kuni kolm korda. Ei sobi liigniisketesse ruumidesse. T\u00f6\u00f6vahendid puhastada White Spiriti ning sooja vee ja seebiga."},{"@type":"BreadcrumbList","@id":"https:\/\/colorlife.ee\/en\/toode\/clear-wax\/#breadcrumb","itemListElement":[{"@type":"ListItem","position":1,"name":"Home","item":"https:\/\/colorlife.ee\/en\/"},{"@type":"ListItem","position":2,"name":"EShop","item":"https:\/\/colorlife.ee\/en\/eshop\/"},{"@type":"ListItem","position":3,"name":"Clear wax"}]},{"@type":"WebSite","@id":"https:\/\/colorlife.ee\/#website","url":"https:\/\/colorlife.ee\/","name":"Color Life Space","description":"An experiential space where art, play, design and nature meet","potentialAction":[{"@type":"SearchAction","target":{"@type":"EntryPoint","urlTemplate":"https:\/\/colorlife.ee\/?s={search_term_string}"},"query-input":{"@type":"PropertyValueSpecification","valueRequired":true,"valueName":"search_term_string"}}],"inLanguage":"en-US"}]}},"_links":{"self":[{"href":"https:\/\/colorlife.ee\/en\/wp-json\/wp\/v2\/product\/7773"}],"collection":[{"href":"https:\/\/colorlife.ee\/en\/wp-json\/wp\/v2\/product"}],"about":[{"href":"https:\/\/colorlife.ee\/en\/wp-json\/wp\/v2\/types\/product"}],"wp:featuredmedia":[{"embeddable":true,"href":"https:\/\/colorlife.ee\/en\/wp-json\/wp\/v2\/media\/7730"}],"wp:attachment":[{"href":"https:\/\/colorlife.ee\/en\/wp-json\/wp\/v2\/media?parent=7773"}],"wp:term":[{"taxonomy":"product_cat","embeddable":true,"href":"https:\/\/colorlife.ee\/en\/wp-json\/wp\/v2\/product_cat?post=7773"},{"taxonomy":"product_tag","embeddable":true,"href":"https:\/\/colorlife.ee\/en\/wp-json\/wp\/v2\/product_tag?post=7773"}],"curies":[{"name":"wp","href":"https:\/\/api.w.org\/{rel}","templated":true}]}}