{"id":4789,"date":"2019-03-12T13:08:35","date_gmt":"2019-03-13T10:03:10","guid":{"rendered":"http:\/\/colorlife.ee\/?post_type=product&#038;p=4789"},"modified":"2021-07-06T15:36:13","modified_gmt":"2021-07-06T12:36:13","slug":"dzentelmen-rus","status":"publish","type":"product","link":"https:\/\/colorlife.ee\/ru\/toode\/dzentelmen-rus\/","title":{"rendered":"\u0414\u0436\u0435\u043d\u0442\u043b\u044c\u043c\u0435\u043d \u0437\u0435\u043b\u0451\u043d\u044b\u0439"},"content":{"rendered":"<h3>\u041d\u0430 \u0441\u043e\u0437\u0434\u0430\u043d\u0438\u0435 \u044d\u0442\u043e\u0433\u043e \u043a\u0440\u0435\u0441\u043b\u0430 \u0432\u0434\u043e\u0445\u043d\u043e\u0432\u0438\u043b \u043c\u0435\u043d\u044f \u043d\u0430\u0441\u0442\u043e\u044f\u0449\u0438\u0439 \u0430\u043d\u0433\u043b\u0438\u0439\u0441\u043a\u0438\u0439 \u0434\u0436\u0435\u043d\u0442\u043b\u044c\u043c\u0435\u043d \u0428\u0435\u0440\u043b\u043e\u043a \u0425\u043e\u043b\u043c\u0441.<\/h3>\n<p>\u042d\u0442\u043e \u043c\u044f\u0433\u043a\u043e\u0435 \u043a\u0440\u0435\u0441\u043b\u043e \u0441 \u0437\u0430\u043a\u0440\u0443\u0433\u043b\u0435\u043d\u043d\u043e\u0439 \u0441\u043f\u0438\u043d\u043a\u043e\u0439 \u0447\u0430\u0441\u0442\u043e \u0432\u0441\u0442\u0440\u0435\u0447\u0430\u043b\u043e\u0441\u044c \u0432 \u0441\u0442\u0438\u043b\u044f\u0445 \u043d\u0435\u043e\u0440\u043e\u043a\u043e\u043a\u043e \u0432 \u0428\u0432\u0435\u0446\u0438\u0438 1820-\u0445 \u0433\u043e\u0434\u0430\u0445. \u041d\u0430 \u0441\u0435\u0433\u043e\u0434\u043d\u044f\u0448\u043d\u0438\u0439 \u0434\u0435\u043d\u044c \u043e\u0441\u0442\u0430\u0451\u0442\u0441\u044f \u043b\u044e\u0431\u0438\u043c\u043e\u0439 \u043c\u043e\u0434\u0435\u043b\u044c\u044e \u043a\u0440\u0435\u0441\u043b\u0430. \u0415\u0433\u043e \u043c\u043e\u0436\u043d\u043e \u0432\u0441\u0442\u0440\u0435\u0442\u0438\u0442\u044c \u043f\u043e\u0447\u0442\u0438 \u0432 \u043a\u0430\u0436\u0434\u043e\u0439 \u0448\u0432\u0435\u0434\u0441\u043a\u043e\u0439 \u0441\u0435\u043c\u044c\u0435. \u041e\u0441\u043e\u0431\u0435\u043d\u043d\u043e\u0441\u0442\u0438 \u043e\u0442\u043b\u0438\u0447\u0438\u044f \u044d\u0442\u043e\u0433\u043e \u043a\u0440\u0435\u0441\u043b\u0430 \u043e\u0442 \u0434\u0440\u0443\u0433\u0438\u0445 &#8212; \u044d\u0442\u043e \u043e\u0447\u0435\u043d\u044c \u043c\u0430\u043b\u0435\u043d\u044c\u043a\u0438\u0435 \u043f\u043e\u0434\u043b\u043e\u043a\u043e\u0442\u043d\u0438\u043a\u0438.\u00a0\u042d\u0442\u043e \u043a\u0440\u0435\u0441\u043b\u043e \u043a\u043e\u043c\u043f\u0430\u043a\u0442\u043d\u043e\u0435 \u0438 \u0437\u0430\u043d\u0438\u043c\u0430\u0435\u0442 \u043c\u0430\u043b\u043e \u043c\u0435\u0441\u0442\u0430, \u0431\u043b\u0430\u0433\u043e\u0434\u0430\u0440\u044f \u044d\u0442\u043e\u043c\u0443 \u043e\u043d\u043e \u0445\u043e\u0440\u043e\u0448\u043e \u0432\u043f\u0438\u0441\u044b\u0432\u0430\u0435\u0442\u0441\u044f \u0432 \u043d\u0430\u0448\u0438 \u043a\u0432\u0430\u0440\u0442\u0438\u0440\u044b.<\/p>\n<p>\u0414\u041e\u041f\u041e\u041b\u041d\u0418\u0422\u0415\u041b\u042c\u041d\u0410\u042f \u0418\u041d\u0424\u041e\u0420\u041c\u0410\u0426\u0418\u042f<\/p>\n<ul>\n<li>\u0426\u0432\u0435\u0442\u0430: \u0417\u0435\u043b\u0435\u043d\u044b\u0439, \u0427\u0435\u0440\u043d\u044b\u0439, \u0411\u0435\u043b\u044b\u0439<\/li>\n<li>\u041c\u0430\u0442\u0435\u0440\u0438\u0430\u043b\u044b: \u041d\u043e\u0436\u043a\u0438 \u0438 \u0440\u0430\u043c\u0430 \u0438\u0437 \u0446\u0435\u043b\u044c\u043d\u043e\u0433\u043e \u0434\u0435\u0440\u0435\u0432\u0430. \u0411\u0430\u0440\u0445\u0430\u0442, \u0442\u043a\u0430\u043d\u044c \u0441 \u0440\u0438\u0441\u0443\u043d\u043a\u043e\u043c &#171;\u0433\u0443\u0441\u0438\u043d\u044b\u0435 \u043b\u0430\u043f\u043a\u0438&#187;, \u043a\u0430\u0447\u0435\u0441\u0442\u0432\u0435\u043d\u043d\u044b\u0439 \u043f\u043e\u0440\u043e\u043b\u043e\u043d.<\/li>\n<\/ul>\n","protected":false},"excerpt":{"rendered":"<h1>\u041a\u0440\u0435\u0441\u043b\u043e \u0414\u0436\u0435\u043d\u0442\u043b\u044c\u043c\u0435\u043d\u00a0\u043c\u043e\u0436\u0435\u0442 \u0432\u043f\u0438\u0441\u0430\u0442\u044c\u0441\u044f \u0432 \u0438\u043d\u0442\u0435\u0440\u044c\u0435\u0440 \u043b\u044e\u0431\u043e\u0439 \u043a\u043e\u043c\u043d\u0430\u0442\u044b.<\/h1>\n<p>\u0422\u0435\u043a\u0441\u0442\u0438\u043b\u044c \u00ab\u0433\u0443\u0441\u0438\u043d\u0430\u044f \u043b\u0430\u043f\u043a\u0430\u00bb, \u043e\u043d \u0436\u0435 Houndstooth, \u043e\u043d \u0436\u0435 \u043f\u044c\u0435-\u0434\u0435-\u043f\u0443\u043b\u044c \u043f\u0440\u0435\u0434\u0441\u0442\u0430\u0432\u043b\u044f\u0435\u0442 \u0441\u043e\u0431\u043e\u0439 \u043e\u0440\u043d\u0430\u043c\u0435\u043d\u0442 \u043b\u043e\u043c\u0430\u043d\u043e\u0439 \u043a\u043b\u0435\u0442\u043a\u0438. \u041b\u043e\u043c\u0430\u043d\u0430\u044f \u043a\u043b\u0435\u0442\u043a\u0430 \u2013 \u044d\u0442\u043e \u043f\u043e\u0447\u0442\u0438 \u0432\u0441\u0435\u0433\u0434\u0430 \u043f\u0440\u0438\u0437\u043d\u0430\u043a \u044d\u043b\u0435\u0433\u0430\u043d\u0442\u043d\u043e\u0441\u0442\u0438.<\/p>\n<p>\u041d\u0435\u0441\u043c\u043e\u0442\u0440\u044f \u043d\u0430 \u0442\u043e, \u0447\u0442\u043e \u043e\u043d \u0447\u0430\u0441\u0442\u043e \u0430\u0441\u0441\u043e\u0446\u0438\u0438\u0440\u0443\u0435\u0442\u0441\u044f \u0441 \u043c\u0443\u0436\u0441\u043a\u043e\u0439 \u043a\u043e\u0441\u0442\u044e\u043c\u043d\u043e\u0439 \u043e\u0434\u0435\u0436\u0434\u043e\u0439, \u0433\u0443\u0441\u0438\u043d\u044b\u0435 \u043b\u0430\u043f\u043a\u0438 \u043d\u0430\u0448\u043b\u0438 \u043f\u0440\u043e\u0447\u043d\u0443\u044e \u043e\u0441\u043d\u043e\u0432\u0443 \u0432 \u0434\u043e\u043c\u0430\u0448\u043d\u0435\u043c \u0434\u0435\u043a\u043e\u0440\u0435. \u041c\u0435\u0431\u0435\u043b\u044c \u0441 \u0442\u0430\u043a\u043e\u0439 \u0440\u0430\u0441\u0446\u0432\u0435\u0442\u043a\u043e\u0439 \u043d\u0435 \u043e\u0441\u0442\u0430\u043d\u0435\u0442\u0441\u044f \u0431\u0435\u0437 \u0432\u043d\u0438\u043c\u0430\u043d\u0438\u044f.<\/p>\n<p>\u0427\u0435\u0440\u043d\u043e-\u0437\u0435\u043b\u0435\u043d\u0430\u044f \u043a\u043e\u043c\u0431\u0438\u043d\u0430\u0446\u0438\u044f \u0432\u0441\u0435\u0433\u0434\u0430 \u0432\u044b\u0438\u0433\u0440\u044b\u0448\u043d\u0430\u044f, \u043a\u0440\u0430\u0441\u0438\u0432\u0430 \u0438 \u043c\u043e\u0436\u0435\u0442 \u0431\u044b\u0442\u044c \u043a\u0430\u043a \u044d\u043b\u0435\u0433\u0430\u043d\u0442\u043d\u043e\u0439, \u0442\u0430\u043a \u0438 \u043f\u043e\u0432\u0441\u0435\u0434\u043d\u0435\u0432\u043d\u043e\u0439. \u0421\u043e\u0437\u0434\u0430\u0451\u0442\u0441\u044f \u043e\u0449\u0443\u0449\u0435\u043d\u0438\u0435 \u0447\u0438\u0441\u0442\u043e\u0442\u044b \u0438 \u0441\u0432\u0435\u0436\u0435\u0441\u0442\u0438, \u0438 \u043f\u0440\u0438\u043d\u043e\u0441\u0438\u0442 \u0445\u043e\u0440\u043e\u0448\u0443\u044e \u0444\u043e\u0440\u043c\u0443 \u0432 \u043f\u0440\u043e\u0441\u0442\u0440\u0430\u043d\u0441\u0442\u0432\u043e. \u0418 \u044d\u0442\u043e \u0432\u0441\u0435\u0433\u0434\u0430 \u0432\u044b\u0433\u043b\u044f\u0434\u0438\u0442 \u0441\u043e\u0432\u0440\u0435\u043c\u0435\u043d\u043d\u043e.<\/p>\n<p>62 x 60 x 83 cm, 13 kg<\/p>\n<p><strong>\u0412 \u041d\u0410\u041b\u0418\u0427\u0418\u0418 1 \u0422\u041e\u0412\u0410\u0420!<\/strong><\/p>\n<p><strong>\u0421\u0420\u041e\u041a \u0414\u041e\u0421\u0422\u0410\u0412\u041a\u0418<\/strong><strong>\u00a00-3\u00a0<\/strong><strong>\u0420\u0410\u0411\u041e\u0427\u0418\u0425 \u0414\u041d\u042f!<\/strong><\/p>\n<p><strong>\u041f\u0420\u0418 \u0417\u0410\u041a\u0410\u0417\u0415 \u0411\u041e\u041b\u0415\u0415 \u041e\u0414\u041d\u041e\u0413\u041e \u041a\u0420\u0415\u0421\u041b\u0410 \u0421\u0420\u041e\u041a \u0414\u041e\u0421\u0422\u0410\u0412\u041a\u0418 4 \u041d\u0415\u0414\u0415\u041b\u0418!<\/strong><\/p>\n<p>&nbsp;<\/p>\n<p>&nbsp;<\/p>\n","protected":false},"featured_media":4754,"template":"","meta":[],"product_cat":[560],"product_tag":[],"class_list":{"0":"post-4789","1":"product","2":"type-product","3":"status-publish","4":"has-post-thumbnail","6":"product_cat-kinkekaart","8":"first","9":"onbackorder","10":"taxable","11":"shipping-taxable","12":"purchasable","13":"product-type-simple"},"yoast_head":"<!-- This site is optimized with the Yoast SEO plugin v23.6 - https:\/\/yoast.com\/wordpress\/plugins\/seo\/ -->\n<title>Roheline tugitool D\u017eentelmen on mugav ja pehme<\/title>\n<meta name=\"description\" content=\"Tugitooli kombinatsioon must-valge-roheline on maitsekas ja v\u00f5ib olla nii elegantne kui ka juhuslik. Tugitool D\u017eentelmen roheline loob puhtuse ja v\u00e4rskuse tunde, vormib meeldiva ruumi ning on alati kaasaegne.\" \/>\n<meta name=\"robots\" content=\"index, follow, max-snippet:-1, max-image-preview:large, max-video-preview:-1\" \/>\n<link rel=\"canonical\" href=\"https:\/\/colorlife.ee\/ru\/toode\/dzentelmen-rus\/\" \/>\n<meta property=\"og:locale\" content=\"ru_RU\" \/>\n<meta property=\"og:type\" content=\"article\" \/>\n<meta property=\"og:title\" content=\"Roheline tugitool D\u017eentelmen on mugav ja pehme\" \/>\n<meta property=\"og:description\" content=\"Tugitooli kombinatsioon must-valge-roheline on maitsekas ja v\u00f5ib olla nii elegantne kui ka juhuslik. Tugitool D\u017eentelmen roheline loob puhtuse ja v\u00e4rskuse tunde, vormib meeldiva ruumi ning on alati kaasaegne.\" \/>\n<meta property=\"og:url\" content=\"https:\/\/colorlife.ee\/ru\/toode\/dzentelmen-rus\/\" \/>\n<meta property=\"og:site_name\" content=\"Color Life \u043f\u0440\u043e\u0441\u0442\u0440\u0430\u043d\u0441\u0442\u0432\u043e\" \/>\n<meta property=\"article:modified_time\" content=\"2021-07-06T12:36:13+00:00\" \/>\n<meta property=\"og:image\" content=\"https:\/\/colorlife.ee\/wp-content\/uploads\/2019\/03\/Tugitool-dzentelmen-Houndstooth-muster-roheline-samet-mustad-jalad-noopidega-disain-moobel-kasitoo-varviline.jpg\" \/>\n\t<meta property=\"og:image:width\" content=\"800\" \/>\n\t<meta property=\"og:image:height\" content=\"800\" \/>\n\t<meta property=\"og:image:type\" content=\"image\/jpeg\" \/>\n<meta name=\"twitter:card\" content=\"summary_large_image\" \/>\n<script type=\"application\/ld+json\" class=\"yoast-schema-graph\">{\"@context\":\"https:\/\/schema.org\",\"@graph\":[{\"@type\":\"WebPage\",\"@id\":\"https:\/\/colorlife.ee\/ru\/toode\/dzentelmen-rus\/\",\"url\":\"https:\/\/colorlife.ee\/ru\/toode\/dzentelmen-rus\/\",\"name\":\"Roheline tugitool D\u017eentelmen on mugav ja pehme\",\"isPartOf\":{\"@id\":\"https:\/\/colorlife.ee\/#website\"},\"primaryImageOfPage\":{\"@id\":\"https:\/\/colorlife.ee\/ru\/toode\/dzentelmen-rus\/#primaryimage\"},\"image\":{\"@id\":\"https:\/\/colorlife.ee\/ru\/toode\/dzentelmen-rus\/#primaryimage\"},\"thumbnailUrl\":\"https:\/\/colorlife.ee\/wp-content\/uploads\/2019\/03\/Tugitool-dzentelmen-Houndstooth-muster-roheline-samet-mustad-jalad-noopidega-disain-moobel-kasitoo-varviline.jpg\",\"datePublished\":\"2019-03-13T10:03:10+00:00\",\"dateModified\":\"2021-07-06T12:36:13+00:00\",\"description\":\"Tugitooli kombinatsioon must-valge-roheline on maitsekas ja v\u00f5ib olla nii elegantne kui ka juhuslik. Tugitool D\u017eentelmen roheline loob puhtuse ja v\u00e4rskuse tunde, vormib meeldiva ruumi ning on alati kaasaegne.\",\"breadcrumb\":{\"@id\":\"https:\/\/colorlife.ee\/ru\/toode\/dzentelmen-rus\/#breadcrumb\"},\"inLanguage\":\"ru-RU\",\"potentialAction\":[{\"@type\":\"ReadAction\",\"target\":[\"https:\/\/colorlife.ee\/ru\/toode\/dzentelmen-rus\/\"]}]},{\"@type\":\"ImageObject\",\"inLanguage\":\"ru-RU\",\"@id\":\"https:\/\/colorlife.ee\/ru\/toode\/dzentelmen-rus\/#primaryimage\",\"url\":\"https:\/\/colorlife.ee\/wp-content\/uploads\/2019\/03\/Tugitool-dzentelmen-Houndstooth-muster-roheline-samet-mustad-jalad-noopidega-disain-moobel-kasitoo-varviline.jpg\",\"contentUrl\":\"https:\/\/colorlife.ee\/wp-content\/uploads\/2019\/03\/Tugitool-dzentelmen-Houndstooth-muster-roheline-samet-mustad-jalad-noopidega-disain-moobel-kasitoo-varviline.jpg\",\"width\":800,\"height\":800,\"caption\":\"Tugitool-dzentelmen-Houndstooth-muster-roheline-samet-mustad-jalad-noopidega-disain-moobel-kasitoo-varviline\"},{\"@type\":\"BreadcrumbList\",\"@id\":\"https:\/\/colorlife.ee\/ru\/toode\/dzentelmen-rus\/#breadcrumb\",\"itemListElement\":[{\"@type\":\"ListItem\",\"position\":1,\"name\":\"Home\",\"item\":\"https:\/\/colorlife.ee\/ru\/\"},{\"@type\":\"ListItem\",\"position\":2,\"name\":\"\u0418\u043d\u0442\u0435\u0440\u043d\u0435\u0442 \u043c\u0430\u0433\u0430\u0437\u0438\u043d\",\"item\":\"https:\/\/colorlife.ee\/ru\/interneti-pood\/\"},{\"@type\":\"ListItem\",\"position\":3,\"name\":\"\u0414\u0436\u0435\u043d\u0442\u043b\u044c\u043c\u0435\u043d \u0437\u0435\u043b\u0451\u043d\u044b\u0439\"}]},{\"@type\":\"WebSite\",\"@id\":\"https:\/\/colorlife.ee\/#website\",\"url\":\"https:\/\/colorlife.ee\/\",\"name\":\"Color Life \u043f\u0440\u043e\u0441\u0442\u0440\u0430\u043d\u0441\u0442\u0432\u043e\",\"description\":\"\u041f\u0440\u043e\u0441\u0442\u0440\u0430\u043d\u0441\u0442\u0432\u043e \u0434\u043b\u044f \u0432\u043f\u0435\u0447\u0430\u0442\u043b\u0435\u043d\u0438\u0439, \u0433\u0434\u0435 \u0441\u043e\u0435\u0434\u0438\u043d\u044f\u044e\u0442\u0441\u044f \u0438\u0441\u043a\u0443\u0441\u0441\u0442\u0432\u043e, \u0438\u0433\u0440\u0430, \u0434\u0438\u0437\u0430\u0439\u043d \u0438 \u043f\u0440\u0438\u0440\u043e\u0434\u0430\",\"potentialAction\":[{\"@type\":\"SearchAction\",\"target\":{\"@type\":\"EntryPoint\",\"urlTemplate\":\"https:\/\/colorlife.ee\/?s={search_term_string}\"},\"query-input\":{\"@type\":\"PropertyValueSpecification\",\"valueRequired\":true,\"valueName\":\"search_term_string\"}}],\"inLanguage\":\"ru-RU\"}]}<\/script>\n<!-- \/ Yoast SEO plugin. -->","yoast_head_json":{"title":"Roheline tugitool D\u017eentelmen on mugav ja pehme","description":"Tugitooli kombinatsioon must-valge-roheline on maitsekas ja v\u00f5ib olla nii elegantne kui ka juhuslik. Tugitool D\u017eentelmen roheline loob puhtuse ja v\u00e4rskuse tunde, vormib meeldiva ruumi ning on alati kaasaegne.","robots":{"index":"index","follow":"follow","max-snippet":"max-snippet:-1","max-image-preview":"max-image-preview:large","max-video-preview":"max-video-preview:-1"},"canonical":"https:\/\/colorlife.ee\/ru\/toode\/dzentelmen-rus\/","og_locale":"ru_RU","og_type":"article","og_title":"Roheline tugitool D\u017eentelmen on mugav ja pehme","og_description":"Tugitooli kombinatsioon must-valge-roheline on maitsekas ja v\u00f5ib olla nii elegantne kui ka juhuslik. Tugitool D\u017eentelmen roheline loob puhtuse ja v\u00e4rskuse tunde, vormib meeldiva ruumi ning on alati kaasaegne.","og_url":"https:\/\/colorlife.ee\/ru\/toode\/dzentelmen-rus\/","og_site_name":"Color Life \u043f\u0440\u043e\u0441\u0442\u0440\u0430\u043d\u0441\u0442\u0432\u043e","article_modified_time":"2021-07-06T12:36:13+00:00","og_image":[{"width":800,"height":800,"url":"https:\/\/colorlife.ee\/wp-content\/uploads\/2019\/03\/Tugitool-dzentelmen-Houndstooth-muster-roheline-samet-mustad-jalad-noopidega-disain-moobel-kasitoo-varviline.jpg","type":"image\/jpeg"}],"twitter_card":"summary_large_image","schema":{"@context":"https:\/\/schema.org","@graph":[{"@type":"WebPage","@id":"https:\/\/colorlife.ee\/ru\/toode\/dzentelmen-rus\/","url":"https:\/\/colorlife.ee\/ru\/toode\/dzentelmen-rus\/","name":"Roheline tugitool D\u017eentelmen on mugav ja pehme","isPartOf":{"@id":"https:\/\/colorlife.ee\/#website"},"primaryImageOfPage":{"@id":"https:\/\/colorlife.ee\/ru\/toode\/dzentelmen-rus\/#primaryimage"},"image":{"@id":"https:\/\/colorlife.ee\/ru\/toode\/dzentelmen-rus\/#primaryimage"},"thumbnailUrl":"https:\/\/colorlife.ee\/wp-content\/uploads\/2019\/03\/Tugitool-dzentelmen-Houndstooth-muster-roheline-samet-mustad-jalad-noopidega-disain-moobel-kasitoo-varviline.jpg","datePublished":"2019-03-13T10:03:10+00:00","dateModified":"2021-07-06T12:36:13+00:00","description":"Tugitooli kombinatsioon must-valge-roheline on maitsekas ja v\u00f5ib olla nii elegantne kui ka juhuslik. Tugitool D\u017eentelmen roheline loob puhtuse ja v\u00e4rskuse tunde, vormib meeldiva ruumi ning on alati kaasaegne.","breadcrumb":{"@id":"https:\/\/colorlife.ee\/ru\/toode\/dzentelmen-rus\/#breadcrumb"},"inLanguage":"ru-RU","potentialAction":[{"@type":"ReadAction","target":["https:\/\/colorlife.ee\/ru\/toode\/dzentelmen-rus\/"]}]},{"@type":"ImageObject","inLanguage":"ru-RU","@id":"https:\/\/colorlife.ee\/ru\/toode\/dzentelmen-rus\/#primaryimage","url":"https:\/\/colorlife.ee\/wp-content\/uploads\/2019\/03\/Tugitool-dzentelmen-Houndstooth-muster-roheline-samet-mustad-jalad-noopidega-disain-moobel-kasitoo-varviline.jpg","contentUrl":"https:\/\/colorlife.ee\/wp-content\/uploads\/2019\/03\/Tugitool-dzentelmen-Houndstooth-muster-roheline-samet-mustad-jalad-noopidega-disain-moobel-kasitoo-varviline.jpg","width":800,"height":800,"caption":"Tugitool-dzentelmen-Houndstooth-muster-roheline-samet-mustad-jalad-noopidega-disain-moobel-kasitoo-varviline"},{"@type":"BreadcrumbList","@id":"https:\/\/colorlife.ee\/ru\/toode\/dzentelmen-rus\/#breadcrumb","itemListElement":[{"@type":"ListItem","position":1,"name":"Home","item":"https:\/\/colorlife.ee\/ru\/"},{"@type":"ListItem","position":2,"name":"\u0418\u043d\u0442\u0435\u0440\u043d\u0435\u0442 \u043c\u0430\u0433\u0430\u0437\u0438\u043d","item":"https:\/\/colorlife.ee\/ru\/interneti-pood\/"},{"@type":"ListItem","position":3,"name":"\u0414\u0436\u0435\u043d\u0442\u043b\u044c\u043c\u0435\u043d \u0437\u0435\u043b\u0451\u043d\u044b\u0439"}]},{"@type":"WebSite","@id":"https:\/\/colorlife.ee\/#website","url":"https:\/\/colorlife.ee\/","name":"Color Life \u043f\u0440\u043e\u0441\u0442\u0440\u0430\u043d\u0441\u0442\u0432\u043e","description":"\u041f\u0440\u043e\u0441\u0442\u0440\u0430\u043d\u0441\u0442\u0432\u043e \u0434\u043b\u044f \u0432\u043f\u0435\u0447\u0430\u0442\u043b\u0435\u043d\u0438\u0439, \u0433\u0434\u0435 \u0441\u043e\u0435\u0434\u0438\u043d\u044f\u044e\u0442\u0441\u044f \u0438\u0441\u043a\u0443\u0441\u0441\u0442\u0432\u043e, \u0438\u0433\u0440\u0430, \u0434\u0438\u0437\u0430\u0439\u043d \u0438 \u043f\u0440\u0438\u0440\u043e\u0434\u0430","potentialAction":[{"@type":"SearchAction","target":{"@type":"EntryPoint","urlTemplate":"https:\/\/colorlife.ee\/?s={search_term_string}"},"query-input":{"@type":"PropertyValueSpecification","valueRequired":true,"valueName":"search_term_string"}}],"inLanguage":"ru-RU"}]}},"_links":{"self":[{"href":"https:\/\/colorlife.ee\/ru\/wp-json\/wp\/v2\/product\/4789"}],"collection":[{"href":"https:\/\/colorlife.ee\/ru\/wp-json\/wp\/v2\/product"}],"about":[{"href":"https:\/\/colorlife.ee\/ru\/wp-json\/wp\/v2\/types\/product"}],"wp:featuredmedia":[{"embeddable":true,"href":"https:\/\/colorlife.ee\/ru\/wp-json\/wp\/v2\/media\/4754"}],"wp:attachment":[{"href":"https:\/\/colorlife.ee\/ru\/wp-json\/wp\/v2\/media?parent=4789"}],"wp:term":[{"taxonomy":"product_cat","embeddable":true,"href":"https:\/\/colorlife.ee\/ru\/wp-json\/wp\/v2\/product_cat?post=4789"},{"taxonomy":"product_tag","embeddable":true,"href":"https:\/\/colorlife.ee\/ru\/wp-json\/wp\/v2\/product_tag?post=4789"}],"curies":[{"name":"wp","href":"https:\/\/api.w.org\/{rel}","templated":true}]}}