{"id":7772,"date":"2020-07-02T16:17:46","date_gmt":"2020-07-02T13:20:10","guid":{"rendered":"https:\/\/colorlife.ee\/?post_type=product&#038;p=7772"},"modified":"2023-12-26T22:28:01","modified_gmt":"2023-12-26T20:28:01","slug":"prozrachnij-vosk","status":"publish","type":"product","link":"https:\/\/colorlife.ee\/ru\/toode\/prozrachnij-vosk\/","title":{"rendered":"\u041f\u0440\u043e\u0437\u0440\u0430\u0447\u043d\u044b\u0439 \u0412\u043e\u0441\u043a"},"content":{"rendered":"","protected":false},"excerpt":{"rendered":"<h1 class=\"bx-title\">Vintro \u041f\u0440\u043e\u0437\u0440\u0430\u0447\u043d\u044b\u0439 \u0412\u043e\u0441\u043a Clear Wax<\/h1>\n<p>\u0421 \u043f\u043e\u043c\u043e\u0449\u044c\u044e \u0432\u043e\u0441\u043a\u0430 \u0432\u044b \u0441\u043c\u043e\u0436\u0435\u0442\u0435 \u0437\u0430\u0449\u0438\u0442\u0438\u0442\u044c \u043f\u043e\u0432\u0435\u0440\u0445\u043d\u043e\u0441\u0442\u044c \u043c\u0435\u0431\u0435\u043b\u0438 \u0438 \u0441\u0442\u0435\u043d \u043f\u043e\u0441\u043b\u0435 \u043e\u043a\u0440\u0430\u0448\u0438\u0432\u0430\u043d\u0438\u044f \u0434\u0435\u043a\u043e\u0440\u0430\u0442\u0438\u0432\u043d\u043e\u0439 \u043a\u0440\u0430\u0441\u043a\u043e\u0439. \u041f\u0440\u0438\u043c\u0435\u043d\u0435\u043d\u0438\u0435 \u0432\u043e\u0441\u043a\u0430 \u043f\u043e\u0437\u0432\u043e\u043b\u044f\u0435\u0442 \u0443\u0441\u0438\u043b\u0438\u0442\u044c \u0433\u043b\u0443\u0431\u0438\u043d\u0443 \u0446\u0432\u0435\u0442\u0430 \u0438 \u043f\u0440\u0438\u0434\u0430\u0442\u044c \u043a\u0440\u0430\u0441\u0438\u0432\u0443\u044e \u043c\u044f\u0433\u043a\u0443\u044e \u0442\u0435\u043a\u0441\u0442\u0443\u0440\u0443, \u0430 \u0442\u0430\u043a\u0436\u0435 \u0431\u043b\u0435\u0441\u043a. \u041e\u043d \u0442\u0430\u043a\u0436\u0435 \u043e\u0431\u043b\u0430\u0434\u0430\u0435\u0442 \u0432\u043e\u0434\u043e\u043e\u0442\u0442\u0430\u043b\u043a\u0438\u0432\u0430\u044e\u0449\u0438\u043c \u044d\u0444\u0444\u0435\u043a\u0442\u043e\u043c \u0438 \u043c\u043e\u0436\u0435\u0442 \u0431\u044b\u0442\u044c \u0438\u0441\u043f\u043e\u043b\u044c\u0437\u043e\u0432\u0430\u043d \u0434\u043b\u044f \u043e\u0431\u0440\u0430\u0431\u043e\u0442\u043a\u0438 \u043f\u043e\u0432\u0435\u0440\u0445\u043d\u043e\u0441\u0442\u0438 \u043e\u0431\u0435\u0434\u0435\u043d\u043d\u044b\u0445 \u0441\u0442\u043e\u043b\u043e\u0432 \u0438 \u043a\u0443\u0445\u043e\u043d\u043d\u044b\u0445 \u0431\u0443\u0444\u0435\u0442\u043e\u0432.<\/p>\n","protected":false},"featured_media":7731,"template":"","meta":[],"product_cat":[544],"product_tag":[],"class_list":{"0":"post-7772","1":"product","2":"type-product","3":"status-publish","4":"has-post-thumbnail","6":"product_cat-voski-laki","8":"first","9":"instock","10":"taxable","11":"shipping-taxable","12":"purchasable","13":"product-type-simple"},"yoast_head":"<!-- This site is optimized with the Yoast SEO plugin v23.6 - https:\/\/yoast.com\/wordpress\/plugins\/seo\/ -->\n<title>Vintro \u041f\u0440\u043e\u0437\u0440\u0430\u0447\u043d\u044b\u0439 \u0412\u043e\u0441\u043a Clear Wax<\/title>\n<meta name=\"description\" content=\"\u0421 \u043f\u043e\u043c\u043e\u0449\u044c\u044e \u0432\u043e\u0441\u043a\u0430 \u0432\u044b \u0441\u043c\u043e\u0436\u0435\u0442\u0435 \u0437\u0430\u0449\u0438\u0442\u0438\u0442\u044c \u043f\u043e\u0432\u0435\u0440\u0445\u043d\u043e\u0441\u0442\u044c \u043c\u0435\u0431\u0435\u043b\u0438 \u0438 \u0441\u0442\u0435\u043d \u043f\u043e\u0441\u043b\u0435 \u043e\u043a\u0440\u0430\u0448\u0438\u0432\u0430\u043d\u0438\u044f \u0434\u0435\u043a\u043e\u0440\u0430\u0442\u0438\u0432\u043d\u043e\u0439 \u043a\u0440\u0430\u0441\u043a\u043e\u0439. \u041f\u0440\u0438\u043c\u0435\u043d\u0435\u043d\u0438\u0435 \u0432\u043e\u0441\u043a\u0430 \u043f\u043e\u0437\u0432\u043e\u043b\u044f\u0435\u0442 \u0443\u0441\u0438\u043b\u0438\u0442\u044c \u0433\u043b\u0443\u0431\u0438\u043d\u0443 \u0446\u0432\u0435\u0442\u0430 \u0438 \u043f\u0440\u0438\u0434\u0430\u0442\u044c \u043a\u0440\u0430\u0441\u0438\u0432\u0443\u044e \u043c\u044f\u0433\u043a\u0443\u044e \u0442\u0435\u043a\u0441\u0442\u0443\u0440\u0443, \u0430 \u0442\u0430\u043a\u0436\u0435 \u0431\u043b\u0435\u0441\u043a.\" \/>\n<meta name=\"robots\" content=\"index, follow, max-snippet:-1, max-image-preview:large, max-video-preview:-1\" \/>\n<link rel=\"canonical\" href=\"https:\/\/colorlife.ee\/ru\/toode\/prozrachnij-vosk\/\" \/>\n<meta property=\"og:locale\" content=\"ru_RU\" \/>\n<meta property=\"og:type\" content=\"article\" \/>\n<meta property=\"og:title\" content=\"Vintro \u041f\u0440\u043e\u0437\u0440\u0430\u0447\u043d\u044b\u0439 \u0412\u043e\u0441\u043a Clear Wax\" \/>\n<meta property=\"og:description\" content=\"\u0421 \u043f\u043e\u043c\u043e\u0449\u044c\u044e \u0432\u043e\u0441\u043a\u0430 \u0432\u044b \u0441\u043c\u043e\u0436\u0435\u0442\u0435 \u0437\u0430\u0449\u0438\u0442\u0438\u0442\u044c \u043f\u043e\u0432\u0435\u0440\u0445\u043d\u043e\u0441\u0442\u044c \u043c\u0435\u0431\u0435\u043b\u0438 \u0438 \u0441\u0442\u0435\u043d \u043f\u043e\u0441\u043b\u0435 \u043e\u043a\u0440\u0430\u0448\u0438\u0432\u0430\u043d\u0438\u044f \u0434\u0435\u043a\u043e\u0440\u0430\u0442\u0438\u0432\u043d\u043e\u0439 \u043a\u0440\u0430\u0441\u043a\u043e\u0439. \u041f\u0440\u0438\u043c\u0435\u043d\u0435\u043d\u0438\u0435 \u0432\u043e\u0441\u043a\u0430 \u043f\u043e\u0437\u0432\u043e\u043b\u044f\u0435\u0442 \u0443\u0441\u0438\u043b\u0438\u0442\u044c \u0433\u043b\u0443\u0431\u0438\u043d\u0443 \u0446\u0432\u0435\u0442\u0430 \u0438 \u043f\u0440\u0438\u0434\u0430\u0442\u044c \u043a\u0440\u0430\u0441\u0438\u0432\u0443\u044e \u043c\u044f\u0433\u043a\u0443\u044e \u0442\u0435\u043a\u0441\u0442\u0443\u0440\u0443, \u0430 \u0442\u0430\u043a\u0436\u0435 \u0431\u043b\u0435\u0441\u043a.\" \/>\n<meta property=\"og:url\" content=\"https:\/\/colorlife.ee\/ru\/toode\/prozrachnij-vosk\/\" \/>\n<meta property=\"og:site_name\" content=\"Color Life \u043f\u0440\u043e\u0441\u0442\u0440\u0430\u043d\u0441\u0442\u0432\u043e\" \/>\n<meta property=\"article:modified_time\" content=\"2023-12-26T20:28:01+00:00\" \/>\n<meta property=\"og:image\" content=\"https:\/\/colorlife.ee\/wp-content\/uploads\/2020\/07\/clear-vintro-wax.jpg\" \/>\n\t<meta property=\"og:image:width\" content=\"800\" \/>\n\t<meta property=\"og:image:height\" content=\"800\" \/>\n\t<meta property=\"og:image:type\" content=\"image\/jpeg\" \/>\n<meta name=\"twitter:card\" content=\"summary_large_image\" \/>\n<script type=\"application\/ld+json\" class=\"yoast-schema-graph\">{\"@context\":\"https:\/\/schema.org\",\"@graph\":[{\"@type\":\"WebPage\",\"@id\":\"https:\/\/colorlife.ee\/ru\/toode\/prozrachnij-vosk\/\",\"url\":\"https:\/\/colorlife.ee\/ru\/toode\/prozrachnij-vosk\/\",\"name\":\"Vintro \u041f\u0440\u043e\u0437\u0440\u0430\u0447\u043d\u044b\u0439 \u0412\u043e\u0441\u043a Clear Wax\",\"isPartOf\":{\"@id\":\"https:\/\/colorlife.ee\/#website\"},\"primaryImageOfPage\":{\"@id\":\"https:\/\/colorlife.ee\/ru\/toode\/prozrachnij-vosk\/#primaryimage\"},\"image\":{\"@id\":\"https:\/\/colorlife.ee\/ru\/toode\/prozrachnij-vosk\/#primaryimage\"},\"thumbnailUrl\":\"https:\/\/colorlife.ee\/wp-content\/uploads\/2020\/07\/clear-vintro-wax.jpg\",\"datePublished\":\"2020-07-02T13:20:10+00:00\",\"dateModified\":\"2023-12-26T20:28:01+00:00\",\"description\":\"\u0421 \u043f\u043e\u043c\u043e\u0449\u044c\u044e \u0432\u043e\u0441\u043a\u0430 \u0432\u044b \u0441\u043c\u043e\u0436\u0435\u0442\u0435 \u0437\u0430\u0449\u0438\u0442\u0438\u0442\u044c \u043f\u043e\u0432\u0435\u0440\u0445\u043d\u043e\u0441\u0442\u044c \u043c\u0435\u0431\u0435\u043b\u0438 \u0438 \u0441\u0442\u0435\u043d \u043f\u043e\u0441\u043b\u0435 \u043e\u043a\u0440\u0430\u0448\u0438\u0432\u0430\u043d\u0438\u044f \u0434\u0435\u043a\u043e\u0440\u0430\u0442\u0438\u0432\u043d\u043e\u0439 \u043a\u0440\u0430\u0441\u043a\u043e\u0439. \u041f\u0440\u0438\u043c\u0435\u043d\u0435\u043d\u0438\u0435 \u0432\u043e\u0441\u043a\u0430 \u043f\u043e\u0437\u0432\u043e\u043b\u044f\u0435\u0442 \u0443\u0441\u0438\u043b\u0438\u0442\u044c \u0433\u043b\u0443\u0431\u0438\u043d\u0443 \u0446\u0432\u0435\u0442\u0430 \u0438 \u043f\u0440\u0438\u0434\u0430\u0442\u044c \u043a\u0440\u0430\u0441\u0438\u0432\u0443\u044e \u043c\u044f\u0433\u043a\u0443\u044e \u0442\u0435\u043a\u0441\u0442\u0443\u0440\u0443, \u0430 \u0442\u0430\u043a\u0436\u0435 \u0431\u043b\u0435\u0441\u043a.\",\"breadcrumb\":{\"@id\":\"https:\/\/colorlife.ee\/ru\/toode\/prozrachnij-vosk\/#breadcrumb\"},\"inLanguage\":\"ru-RU\",\"potentialAction\":[{\"@type\":\"ReadAction\",\"target\":[\"https:\/\/colorlife.ee\/ru\/toode\/prozrachnij-vosk\/\"]}]},{\"@type\":\"ImageObject\",\"inLanguage\":\"ru-RU\",\"@id\":\"https:\/\/colorlife.ee\/ru\/toode\/prozrachnij-vosk\/#primaryimage\",\"url\":\"https:\/\/colorlife.ee\/wp-content\/uploads\/2020\/07\/clear-vintro-wax.jpg\",\"contentUrl\":\"https:\/\/colorlife.ee\/wp-content\/uploads\/2020\/07\/clear-vintro-wax.jpg\",\"width\":800,\"height\":800,\"caption\":\"Vaha on suurep\u00e4rane viis kriidiv\u00e4rviga v\u00e4rvitud m\u00f6\u00f6bli sametiseks l\u00f5ppviimistlemiseks. V\u00e4rviliste vahadega on v\u00f5imalik erinevaid vanutusefekte lisada. Vahatatud m\u00f6\u00f6bel j\u00e4tab sooja ning v\u00e4\u00e4rtusliku mulje. NB! Vaha vajab kerget poleerimist heleda riidest lapiga. P\u00e4rast vaha poleerimist on pind katsudes siidine. Poleerimata j\u00e4tmisel v\u00f5ib pind j\u00e4\u00e4da kleepuv. Peale kandmiseks kasutage pintslit ning pigem \u00f5hukese \u00fchtlase kihina, see lihtsustab poleerimist. KASUTAMINE: kandke pintsli v\u00f5i puhta lapiga \u00f5huke kiht vaha kuivale pinnale. P\u00fchkige kohe \u00fcleliigne vaha maha, ning h\u00f5\u00f5ruge ringikujuliste liigutustega vaha v\u00e4rvi sisse. Vaha ei tohi j\u00e4\u00e4da nakkuv. L\u00e4ikega viimistluse saavutamiseks poleerige villase lapiga. Kui vahatate lauaplaati v\u00f5i muud paljukasutatavat pinda, korrake tegevust kuni kolm korda. Ei sobi liigniisketesse ruumidesse. T\u00f6\u00f6vahendid puhastada White Spiriti ning sooja vee ja seebiga.\"},{\"@type\":\"BreadcrumbList\",\"@id\":\"https:\/\/colorlife.ee\/ru\/toode\/prozrachnij-vosk\/#breadcrumb\",\"itemListElement\":[{\"@type\":\"ListItem\",\"position\":1,\"name\":\"Home\",\"item\":\"https:\/\/colorlife.ee\/ru\/\"},{\"@type\":\"ListItem\",\"position\":2,\"name\":\"\u0418\u043d\u0442\u0435\u0440\u043d\u0435\u0442 \u043c\u0430\u0433\u0430\u0437\u0438\u043d\",\"item\":\"https:\/\/colorlife.ee\/ru\/interneti-pood\/\"},{\"@type\":\"ListItem\",\"position\":3,\"name\":\"\u041f\u0440\u043e\u0437\u0440\u0430\u0447\u043d\u044b\u0439 \u0412\u043e\u0441\u043a\"}]},{\"@type\":\"WebSite\",\"@id\":\"https:\/\/colorlife.ee\/#website\",\"url\":\"https:\/\/colorlife.ee\/\",\"name\":\"Color Life \u043f\u0440\u043e\u0441\u0442\u0440\u0430\u043d\u0441\u0442\u0432\u043e\",\"description\":\"\u041f\u0440\u043e\u0441\u0442\u0440\u0430\u043d\u0441\u0442\u0432\u043e \u0434\u043b\u044f \u0432\u043f\u0435\u0447\u0430\u0442\u043b\u0435\u043d\u0438\u0439, \u0433\u0434\u0435 \u0441\u043e\u0435\u0434\u0438\u043d\u044f\u044e\u0442\u0441\u044f \u0438\u0441\u043a\u0443\u0441\u0441\u0442\u0432\u043e, \u0438\u0433\u0440\u0430, \u0434\u0438\u0437\u0430\u0439\u043d \u0438 \u043f\u0440\u0438\u0440\u043e\u0434\u0430\",\"potentialAction\":[{\"@type\":\"SearchAction\",\"target\":{\"@type\":\"EntryPoint\",\"urlTemplate\":\"https:\/\/colorlife.ee\/?s={search_term_string}\"},\"query-input\":{\"@type\":\"PropertyValueSpecification\",\"valueRequired\":true,\"valueName\":\"search_term_string\"}}],\"inLanguage\":\"ru-RU\"}]}<\/script>\n<!-- \/ Yoast SEO plugin. -->","yoast_head_json":{"title":"Vintro \u041f\u0440\u043e\u0437\u0440\u0430\u0447\u043d\u044b\u0439 \u0412\u043e\u0441\u043a Clear Wax","description":"\u0421 \u043f\u043e\u043c\u043e\u0449\u044c\u044e \u0432\u043e\u0441\u043a\u0430 \u0432\u044b \u0441\u043c\u043e\u0436\u0435\u0442\u0435 \u0437\u0430\u0449\u0438\u0442\u0438\u0442\u044c \u043f\u043e\u0432\u0435\u0440\u0445\u043d\u043e\u0441\u0442\u044c \u043c\u0435\u0431\u0435\u043b\u0438 \u0438 \u0441\u0442\u0435\u043d \u043f\u043e\u0441\u043b\u0435 \u043e\u043a\u0440\u0430\u0448\u0438\u0432\u0430\u043d\u0438\u044f \u0434\u0435\u043a\u043e\u0440\u0430\u0442\u0438\u0432\u043d\u043e\u0439 \u043a\u0440\u0430\u0441\u043a\u043e\u0439. \u041f\u0440\u0438\u043c\u0435\u043d\u0435\u043d\u0438\u0435 \u0432\u043e\u0441\u043a\u0430 \u043f\u043e\u0437\u0432\u043e\u043b\u044f\u0435\u0442 \u0443\u0441\u0438\u043b\u0438\u0442\u044c \u0433\u043b\u0443\u0431\u0438\u043d\u0443 \u0446\u0432\u0435\u0442\u0430 \u0438 \u043f\u0440\u0438\u0434\u0430\u0442\u044c \u043a\u0440\u0430\u0441\u0438\u0432\u0443\u044e \u043c\u044f\u0433\u043a\u0443\u044e \u0442\u0435\u043a\u0441\u0442\u0443\u0440\u0443, \u0430 \u0442\u0430\u043a\u0436\u0435 \u0431\u043b\u0435\u0441\u043a.","robots":{"index":"index","follow":"follow","max-snippet":"max-snippet:-1","max-image-preview":"max-image-preview:large","max-video-preview":"max-video-preview:-1"},"canonical":"https:\/\/colorlife.ee\/ru\/toode\/prozrachnij-vosk\/","og_locale":"ru_RU","og_type":"article","og_title":"Vintro \u041f\u0440\u043e\u0437\u0440\u0430\u0447\u043d\u044b\u0439 \u0412\u043e\u0441\u043a Clear Wax","og_description":"\u0421 \u043f\u043e\u043c\u043e\u0449\u044c\u044e \u0432\u043e\u0441\u043a\u0430 \u0432\u044b \u0441\u043c\u043e\u0436\u0435\u0442\u0435 \u0437\u0430\u0449\u0438\u0442\u0438\u0442\u044c \u043f\u043e\u0432\u0435\u0440\u0445\u043d\u043e\u0441\u0442\u044c \u043c\u0435\u0431\u0435\u043b\u0438 \u0438 \u0441\u0442\u0435\u043d \u043f\u043e\u0441\u043b\u0435 \u043e\u043a\u0440\u0430\u0448\u0438\u0432\u0430\u043d\u0438\u044f \u0434\u0435\u043a\u043e\u0440\u0430\u0442\u0438\u0432\u043d\u043e\u0439 \u043a\u0440\u0430\u0441\u043a\u043e\u0439. \u041f\u0440\u0438\u043c\u0435\u043d\u0435\u043d\u0438\u0435 \u0432\u043e\u0441\u043a\u0430 \u043f\u043e\u0437\u0432\u043e\u043b\u044f\u0435\u0442 \u0443\u0441\u0438\u043b\u0438\u0442\u044c \u0433\u043b\u0443\u0431\u0438\u043d\u0443 \u0446\u0432\u0435\u0442\u0430 \u0438 \u043f\u0440\u0438\u0434\u0430\u0442\u044c \u043a\u0440\u0430\u0441\u0438\u0432\u0443\u044e \u043c\u044f\u0433\u043a\u0443\u044e \u0442\u0435\u043a\u0441\u0442\u0443\u0440\u0443, \u0430 \u0442\u0430\u043a\u0436\u0435 \u0431\u043b\u0435\u0441\u043a.","og_url":"https:\/\/colorlife.ee\/ru\/toode\/prozrachnij-vosk\/","og_site_name":"Color Life \u043f\u0440\u043e\u0441\u0442\u0440\u0430\u043d\u0441\u0442\u0432\u043e","article_modified_time":"2023-12-26T20:28:01+00:00","og_image":[{"width":800,"height":800,"url":"https:\/\/colorlife.ee\/wp-content\/uploads\/2020\/07\/clear-vintro-wax.jpg","type":"image\/jpeg"}],"twitter_card":"summary_large_image","schema":{"@context":"https:\/\/schema.org","@graph":[{"@type":"WebPage","@id":"https:\/\/colorlife.ee\/ru\/toode\/prozrachnij-vosk\/","url":"https:\/\/colorlife.ee\/ru\/toode\/prozrachnij-vosk\/","name":"Vintro \u041f\u0440\u043e\u0437\u0440\u0430\u0447\u043d\u044b\u0439 \u0412\u043e\u0441\u043a Clear Wax","isPartOf":{"@id":"https:\/\/colorlife.ee\/#website"},"primaryImageOfPage":{"@id":"https:\/\/colorlife.ee\/ru\/toode\/prozrachnij-vosk\/#primaryimage"},"image":{"@id":"https:\/\/colorlife.ee\/ru\/toode\/prozrachnij-vosk\/#primaryimage"},"thumbnailUrl":"https:\/\/colorlife.ee\/wp-content\/uploads\/2020\/07\/clear-vintro-wax.jpg","datePublished":"2020-07-02T13:20:10+00:00","dateModified":"2023-12-26T20:28:01+00:00","description":"\u0421 \u043f\u043e\u043c\u043e\u0449\u044c\u044e \u0432\u043e\u0441\u043a\u0430 \u0432\u044b \u0441\u043c\u043e\u0436\u0435\u0442\u0435 \u0437\u0430\u0449\u0438\u0442\u0438\u0442\u044c \u043f\u043e\u0432\u0435\u0440\u0445\u043d\u043e\u0441\u0442\u044c \u043c\u0435\u0431\u0435\u043b\u0438 \u0438 \u0441\u0442\u0435\u043d \u043f\u043e\u0441\u043b\u0435 \u043e\u043a\u0440\u0430\u0448\u0438\u0432\u0430\u043d\u0438\u044f \u0434\u0435\u043a\u043e\u0440\u0430\u0442\u0438\u0432\u043d\u043e\u0439 \u043a\u0440\u0430\u0441\u043a\u043e\u0439. \u041f\u0440\u0438\u043c\u0435\u043d\u0435\u043d\u0438\u0435 \u0432\u043e\u0441\u043a\u0430 \u043f\u043e\u0437\u0432\u043e\u043b\u044f\u0435\u0442 \u0443\u0441\u0438\u043b\u0438\u0442\u044c \u0433\u043b\u0443\u0431\u0438\u043d\u0443 \u0446\u0432\u0435\u0442\u0430 \u0438 \u043f\u0440\u0438\u0434\u0430\u0442\u044c \u043a\u0440\u0430\u0441\u0438\u0432\u0443\u044e \u043c\u044f\u0433\u043a\u0443\u044e \u0442\u0435\u043a\u0441\u0442\u0443\u0440\u0443, \u0430 \u0442\u0430\u043a\u0436\u0435 \u0431\u043b\u0435\u0441\u043a.","breadcrumb":{"@id":"https:\/\/colorlife.ee\/ru\/toode\/prozrachnij-vosk\/#breadcrumb"},"inLanguage":"ru-RU","potentialAction":[{"@type":"ReadAction","target":["https:\/\/colorlife.ee\/ru\/toode\/prozrachnij-vosk\/"]}]},{"@type":"ImageObject","inLanguage":"ru-RU","@id":"https:\/\/colorlife.ee\/ru\/toode\/prozrachnij-vosk\/#primaryimage","url":"https:\/\/colorlife.ee\/wp-content\/uploads\/2020\/07\/clear-vintro-wax.jpg","contentUrl":"https:\/\/colorlife.ee\/wp-content\/uploads\/2020\/07\/clear-vintro-wax.jpg","width":800,"height":800,"caption":"Vaha on suurep\u00e4rane viis kriidiv\u00e4rviga v\u00e4rvitud m\u00f6\u00f6bli sametiseks l\u00f5ppviimistlemiseks. V\u00e4rviliste vahadega on v\u00f5imalik erinevaid vanutusefekte lisada. Vahatatud m\u00f6\u00f6bel j\u00e4tab sooja ning v\u00e4\u00e4rtusliku mulje. NB! Vaha vajab kerget poleerimist heleda riidest lapiga. P\u00e4rast vaha poleerimist on pind katsudes siidine. Poleerimata j\u00e4tmisel v\u00f5ib pind j\u00e4\u00e4da kleepuv. Peale kandmiseks kasutage pintslit ning pigem \u00f5hukese \u00fchtlase kihina, see lihtsustab poleerimist. KASUTAMINE: kandke pintsli v\u00f5i puhta lapiga \u00f5huke kiht vaha kuivale pinnale. P\u00fchkige kohe \u00fcleliigne vaha maha, ning h\u00f5\u00f5ruge ringikujuliste liigutustega vaha v\u00e4rvi sisse. Vaha ei tohi j\u00e4\u00e4da nakkuv. L\u00e4ikega viimistluse saavutamiseks poleerige villase lapiga. Kui vahatate lauaplaati v\u00f5i muud paljukasutatavat pinda, korrake tegevust kuni kolm korda. Ei sobi liigniisketesse ruumidesse. T\u00f6\u00f6vahendid puhastada White Spiriti ning sooja vee ja seebiga."},{"@type":"BreadcrumbList","@id":"https:\/\/colorlife.ee\/ru\/toode\/prozrachnij-vosk\/#breadcrumb","itemListElement":[{"@type":"ListItem","position":1,"name":"Home","item":"https:\/\/colorlife.ee\/ru\/"},{"@type":"ListItem","position":2,"name":"\u0418\u043d\u0442\u0435\u0440\u043d\u0435\u0442 \u043c\u0430\u0433\u0430\u0437\u0438\u043d","item":"https:\/\/colorlife.ee\/ru\/interneti-pood\/"},{"@type":"ListItem","position":3,"name":"\u041f\u0440\u043e\u0437\u0440\u0430\u0447\u043d\u044b\u0439 \u0412\u043e\u0441\u043a"}]},{"@type":"WebSite","@id":"https:\/\/colorlife.ee\/#website","url":"https:\/\/colorlife.ee\/","name":"Color Life \u043f\u0440\u043e\u0441\u0442\u0440\u0430\u043d\u0441\u0442\u0432\u043e","description":"\u041f\u0440\u043e\u0441\u0442\u0440\u0430\u043d\u0441\u0442\u0432\u043e \u0434\u043b\u044f \u0432\u043f\u0435\u0447\u0430\u0442\u043b\u0435\u043d\u0438\u0439, \u0433\u0434\u0435 \u0441\u043e\u0435\u0434\u0438\u043d\u044f\u044e\u0442\u0441\u044f \u0438\u0441\u043a\u0443\u0441\u0441\u0442\u0432\u043e, \u0438\u0433\u0440\u0430, \u0434\u0438\u0437\u0430\u0439\u043d \u0438 \u043f\u0440\u0438\u0440\u043e\u0434\u0430","potentialAction":[{"@type":"SearchAction","target":{"@type":"EntryPoint","urlTemplate":"https:\/\/colorlife.ee\/?s={search_term_string}"},"query-input":{"@type":"PropertyValueSpecification","valueRequired":true,"valueName":"search_term_string"}}],"inLanguage":"ru-RU"}]}},"_links":{"self":[{"href":"https:\/\/colorlife.ee\/ru\/wp-json\/wp\/v2\/product\/7772"}],"collection":[{"href":"https:\/\/colorlife.ee\/ru\/wp-json\/wp\/v2\/product"}],"about":[{"href":"https:\/\/colorlife.ee\/ru\/wp-json\/wp\/v2\/types\/product"}],"wp:featuredmedia":[{"embeddable":true,"href":"https:\/\/colorlife.ee\/ru\/wp-json\/wp\/v2\/media\/7731"}],"wp:attachment":[{"href":"https:\/\/colorlife.ee\/ru\/wp-json\/wp\/v2\/media?parent=7772"}],"wp:term":[{"taxonomy":"product_cat","embeddable":true,"href":"https:\/\/colorlife.ee\/ru\/wp-json\/wp\/v2\/product_cat?post=7772"},{"taxonomy":"product_tag","embeddable":true,"href":"https:\/\/colorlife.ee\/ru\/wp-json\/wp\/v2\/product_tag?post=7772"}],"curies":[{"name":"wp","href":"https:\/\/api.w.org\/{rel}","templated":true}]}}