{"id":8105,"date":"2020-07-01T13:00:11","date_gmt":"2020-07-15T08:51:37","guid":{"rendered":"https:\/\/colorlife.ee\/?post_type=product&#038;p=8105"},"modified":"2020-07-15T11:51:38","modified_gmt":"2020-07-15T08:51:38","slug":"georgian-sky-melovaja","status":"publish","type":"product","link":"https:\/\/colorlife.ee\/ru\/toode\/georgian-sky-melovaja\/","title":{"rendered":"Georgian Sky"},"content":{"rendered":"","protected":false},"excerpt":{"rendered":"<h1 class=\"product_title entry-title\">Vintro Kriidiv\u00e4rv \u2013 Georgian Sky<\/h1>\n<p>Traditsiooniline sinine oli \u00fclipopulaarne ja moodne kuningas Georgi ajastu k\u00f5rgajal Inglismaal. Noobel sisekujundus ja elegantne sinine toon seintel ja laes on esindatud t\u00e4nap\u00e4evani Bath Assembly sisehalli interj\u00f6\u00f6ris. <strong>1l saab v\u00e4rvida 15-19m2.<\/strong><\/p>\n<h4>SAADAVAL 1-LIITRISES JA 125 ML PURKIDES.<\/h4>\n","protected":false},"featured_media":7012,"template":"","meta":[],"product_cat":[542],"product_tag":[460],"class_list":{"0":"post-8105","1":"product","2":"type-product","3":"status-publish","4":"has-post-thumbnail","6":"product_cat-vintro-melovaja-kraska","7":"product_tag-sinij","9":"first","10":"instock","11":"taxable","12":"shipping-taxable","13":"product-type-grouped"},"yoast_head":"<!-- This site is optimized with the Yoast SEO plugin v23.6 - https:\/\/yoast.com\/wordpress\/plugins\/seo\/ -->\n<title>Georgian Sky - Color Life \u043f\u0440\u043e\u0441\u0442\u0440\u0430\u043d\u0441\u0442\u0432\u043e<\/title>\n<meta name=\"robots\" content=\"index, follow, max-snippet:-1, max-image-preview:large, max-video-preview:-1\" \/>\n<link rel=\"canonical\" href=\"https:\/\/colorlife.ee\/ru\/toode\/georgian-sky-melovaja\/\" \/>\n<meta property=\"og:locale\" content=\"ru_RU\" \/>\n<meta property=\"og:type\" content=\"article\" \/>\n<meta property=\"og:title\" content=\"Georgian Sky - Color Life \u043f\u0440\u043e\u0441\u0442\u0440\u0430\u043d\u0441\u0442\u0432\u043e\" \/>\n<meta property=\"og:description\" content=\"Vintro Kriidiv\u00e4rv \u2013 Georgian Sky Traditsiooniline sinine oli \u00fclipopulaarne ja moodne kuningas Georgi ajastu k\u00f5rgajal Inglismaal. Noobel sisekujundus ja elegantne sinine toon seintel ja laes on esindatud t\u00e4nap\u00e4evani Bath Assembly sisehalli interj\u00f6\u00f6ris. 1l saab v\u00e4rvida 15-19m2. SAADAVAL 1-LIITRISES JA 125 ML PURKIDES.\" \/>\n<meta property=\"og:url\" content=\"https:\/\/colorlife.ee\/ru\/toode\/georgian-sky-melovaja\/\" \/>\n<meta property=\"og:site_name\" content=\"Color Life \u043f\u0440\u043e\u0441\u0442\u0440\u0430\u043d\u0441\u0442\u0432\u043e\" \/>\n<meta property=\"article:modified_time\" content=\"2020-07-15T08:51:38+00:00\" \/>\n<meta property=\"og:image\" content=\"https:\/\/colorlife.ee\/wp-content\/uploads\/2020\/07\/chalk-paint-georgian-sky-vintro-kriidivarvid.jpg\" \/>\n\t<meta property=\"og:image:width\" content=\"800\" \/>\n\t<meta property=\"og:image:height\" content=\"800\" \/>\n\t<meta property=\"og:image:type\" content=\"image\/jpeg\" \/>\n<meta name=\"twitter:card\" content=\"summary_large_image\" \/>\n<script type=\"application\/ld+json\" class=\"yoast-schema-graph\">{\"@context\":\"https:\/\/schema.org\",\"@graph\":[{\"@type\":\"WebPage\",\"@id\":\"https:\/\/colorlife.ee\/ru\/toode\/georgian-sky-melovaja\/\",\"url\":\"https:\/\/colorlife.ee\/ru\/toode\/georgian-sky-melovaja\/\",\"name\":\"Georgian Sky - Color Life \u043f\u0440\u043e\u0441\u0442\u0440\u0430\u043d\u0441\u0442\u0432\u043e\",\"isPartOf\":{\"@id\":\"https:\/\/colorlife.ee\/#website\"},\"primaryImageOfPage\":{\"@id\":\"https:\/\/colorlife.ee\/ru\/toode\/georgian-sky-melovaja\/#primaryimage\"},\"image\":{\"@id\":\"https:\/\/colorlife.ee\/ru\/toode\/georgian-sky-melovaja\/#primaryimage\"},\"thumbnailUrl\":\"https:\/\/colorlife.ee\/wp-content\/uploads\/2020\/07\/chalk-paint-georgian-sky-vintro-kriidivarvid.jpg\",\"datePublished\":\"2020-07-15T08:51:37+00:00\",\"dateModified\":\"2020-07-15T08:51:38+00:00\",\"breadcrumb\":{\"@id\":\"https:\/\/colorlife.ee\/ru\/toode\/georgian-sky-melovaja\/#breadcrumb\"},\"inLanguage\":\"ru-RU\",\"potentialAction\":[{\"@type\":\"ReadAction\",\"target\":[\"https:\/\/colorlife.ee\/ru\/toode\/georgian-sky-melovaja\/\"]}]},{\"@type\":\"ImageObject\",\"inLanguage\":\"ru-RU\",\"@id\":\"https:\/\/colorlife.ee\/ru\/toode\/georgian-sky-melovaja\/#primaryimage\",\"url\":\"https:\/\/colorlife.ee\/wp-content\/uploads\/2020\/07\/chalk-paint-georgian-sky-vintro-kriidivarvid.jpg\",\"contentUrl\":\"https:\/\/colorlife.ee\/wp-content\/uploads\/2020\/07\/chalk-paint-georgian-sky-vintro-kriidivarvid.jpg\",\"width\":800,\"height\":800,\"caption\":\"chalk-paint-georgian-sky-vintro-kriidivarvid\"},{\"@type\":\"BreadcrumbList\",\"@id\":\"https:\/\/colorlife.ee\/ru\/toode\/georgian-sky-melovaja\/#breadcrumb\",\"itemListElement\":[{\"@type\":\"ListItem\",\"position\":1,\"name\":\"Home\",\"item\":\"https:\/\/colorlife.ee\/ru\/\"},{\"@type\":\"ListItem\",\"position\":2,\"name\":\"\u0418\u043d\u0442\u0435\u0440\u043d\u0435\u0442 \u043c\u0430\u0433\u0430\u0437\u0438\u043d\",\"item\":\"https:\/\/colorlife.ee\/ru\/interneti-pood\/\"},{\"@type\":\"ListItem\",\"position\":3,\"name\":\"Georgian Sky\"}]},{\"@type\":\"WebSite\",\"@id\":\"https:\/\/colorlife.ee\/#website\",\"url\":\"https:\/\/colorlife.ee\/\",\"name\":\"Color Life \u043f\u0440\u043e\u0441\u0442\u0440\u0430\u043d\u0441\u0442\u0432\u043e\",\"description\":\"\u041f\u0440\u043e\u0441\u0442\u0440\u0430\u043d\u0441\u0442\u0432\u043e \u0434\u043b\u044f \u0432\u043f\u0435\u0447\u0430\u0442\u043b\u0435\u043d\u0438\u0439, \u0433\u0434\u0435 \u0441\u043e\u0435\u0434\u0438\u043d\u044f\u044e\u0442\u0441\u044f \u0438\u0441\u043a\u0443\u0441\u0441\u0442\u0432\u043e, \u0438\u0433\u0440\u0430, \u0434\u0438\u0437\u0430\u0439\u043d \u0438 \u043f\u0440\u0438\u0440\u043e\u0434\u0430\",\"potentialAction\":[{\"@type\":\"SearchAction\",\"target\":{\"@type\":\"EntryPoint\",\"urlTemplate\":\"https:\/\/colorlife.ee\/?s={search_term_string}\"},\"query-input\":{\"@type\":\"PropertyValueSpecification\",\"valueRequired\":true,\"valueName\":\"search_term_string\"}}],\"inLanguage\":\"ru-RU\"}]}<\/script>\n<!-- \/ Yoast SEO plugin. -->","yoast_head_json":{"title":"Georgian Sky - Color Life \u043f\u0440\u043e\u0441\u0442\u0440\u0430\u043d\u0441\u0442\u0432\u043e","robots":{"index":"index","follow":"follow","max-snippet":"max-snippet:-1","max-image-preview":"max-image-preview:large","max-video-preview":"max-video-preview:-1"},"canonical":"https:\/\/colorlife.ee\/ru\/toode\/georgian-sky-melovaja\/","og_locale":"ru_RU","og_type":"article","og_title":"Georgian Sky - Color Life \u043f\u0440\u043e\u0441\u0442\u0440\u0430\u043d\u0441\u0442\u0432\u043e","og_description":"Vintro Kriidiv\u00e4rv \u2013 Georgian Sky Traditsiooniline sinine oli \u00fclipopulaarne ja moodne kuningas Georgi ajastu k\u00f5rgajal Inglismaal. Noobel sisekujundus ja elegantne sinine toon seintel ja laes on esindatud t\u00e4nap\u00e4evani Bath Assembly sisehalli interj\u00f6\u00f6ris. 1l saab v\u00e4rvida 15-19m2. SAADAVAL 1-LIITRISES JA 125 ML PURKIDES.","og_url":"https:\/\/colorlife.ee\/ru\/toode\/georgian-sky-melovaja\/","og_site_name":"Color Life \u043f\u0440\u043e\u0441\u0442\u0440\u0430\u043d\u0441\u0442\u0432\u043e","article_modified_time":"2020-07-15T08:51:38+00:00","og_image":[{"width":800,"height":800,"url":"https:\/\/colorlife.ee\/wp-content\/uploads\/2020\/07\/chalk-paint-georgian-sky-vintro-kriidivarvid.jpg","type":"image\/jpeg"}],"twitter_card":"summary_large_image","schema":{"@context":"https:\/\/schema.org","@graph":[{"@type":"WebPage","@id":"https:\/\/colorlife.ee\/ru\/toode\/georgian-sky-melovaja\/","url":"https:\/\/colorlife.ee\/ru\/toode\/georgian-sky-melovaja\/","name":"Georgian Sky - Color Life \u043f\u0440\u043e\u0441\u0442\u0440\u0430\u043d\u0441\u0442\u0432\u043e","isPartOf":{"@id":"https:\/\/colorlife.ee\/#website"},"primaryImageOfPage":{"@id":"https:\/\/colorlife.ee\/ru\/toode\/georgian-sky-melovaja\/#primaryimage"},"image":{"@id":"https:\/\/colorlife.ee\/ru\/toode\/georgian-sky-melovaja\/#primaryimage"},"thumbnailUrl":"https:\/\/colorlife.ee\/wp-content\/uploads\/2020\/07\/chalk-paint-georgian-sky-vintro-kriidivarvid.jpg","datePublished":"2020-07-15T08:51:37+00:00","dateModified":"2020-07-15T08:51:38+00:00","breadcrumb":{"@id":"https:\/\/colorlife.ee\/ru\/toode\/georgian-sky-melovaja\/#breadcrumb"},"inLanguage":"ru-RU","potentialAction":[{"@type":"ReadAction","target":["https:\/\/colorlife.ee\/ru\/toode\/georgian-sky-melovaja\/"]}]},{"@type":"ImageObject","inLanguage":"ru-RU","@id":"https:\/\/colorlife.ee\/ru\/toode\/georgian-sky-melovaja\/#primaryimage","url":"https:\/\/colorlife.ee\/wp-content\/uploads\/2020\/07\/chalk-paint-georgian-sky-vintro-kriidivarvid.jpg","contentUrl":"https:\/\/colorlife.ee\/wp-content\/uploads\/2020\/07\/chalk-paint-georgian-sky-vintro-kriidivarvid.jpg","width":800,"height":800,"caption":"chalk-paint-georgian-sky-vintro-kriidivarvid"},{"@type":"BreadcrumbList","@id":"https:\/\/colorlife.ee\/ru\/toode\/georgian-sky-melovaja\/#breadcrumb","itemListElement":[{"@type":"ListItem","position":1,"name":"Home","item":"https:\/\/colorlife.ee\/ru\/"},{"@type":"ListItem","position":2,"name":"\u0418\u043d\u0442\u0435\u0440\u043d\u0435\u0442 \u043c\u0430\u0433\u0430\u0437\u0438\u043d","item":"https:\/\/colorlife.ee\/ru\/interneti-pood\/"},{"@type":"ListItem","position":3,"name":"Georgian Sky"}]},{"@type":"WebSite","@id":"https:\/\/colorlife.ee\/#website","url":"https:\/\/colorlife.ee\/","name":"Color Life \u043f\u0440\u043e\u0441\u0442\u0440\u0430\u043d\u0441\u0442\u0432\u043e","description":"\u041f\u0440\u043e\u0441\u0442\u0440\u0430\u043d\u0441\u0442\u0432\u043e \u0434\u043b\u044f \u0432\u043f\u0435\u0447\u0430\u0442\u043b\u0435\u043d\u0438\u0439, \u0433\u0434\u0435 \u0441\u043e\u0435\u0434\u0438\u043d\u044f\u044e\u0442\u0441\u044f \u0438\u0441\u043a\u0443\u0441\u0441\u0442\u0432\u043e, \u0438\u0433\u0440\u0430, \u0434\u0438\u0437\u0430\u0439\u043d \u0438 \u043f\u0440\u0438\u0440\u043e\u0434\u0430","potentialAction":[{"@type":"SearchAction","target":{"@type":"EntryPoint","urlTemplate":"https:\/\/colorlife.ee\/?s={search_term_string}"},"query-input":{"@type":"PropertyValueSpecification","valueRequired":true,"valueName":"search_term_string"}}],"inLanguage":"ru-RU"}]}},"_links":{"self":[{"href":"https:\/\/colorlife.ee\/ru\/wp-json\/wp\/v2\/product\/8105"}],"collection":[{"href":"https:\/\/colorlife.ee\/ru\/wp-json\/wp\/v2\/product"}],"about":[{"href":"https:\/\/colorlife.ee\/ru\/wp-json\/wp\/v2\/types\/product"}],"wp:featuredmedia":[{"embeddable":true,"href":"https:\/\/colorlife.ee\/ru\/wp-json\/wp\/v2\/media\/7012"}],"wp:attachment":[{"href":"https:\/\/colorlife.ee\/ru\/wp-json\/wp\/v2\/media?parent=8105"}],"wp:term":[{"taxonomy":"product_cat","embeddable":true,"href":"https:\/\/colorlife.ee\/ru\/wp-json\/wp\/v2\/product_cat?post=8105"},{"taxonomy":"product_tag","embeddable":true,"href":"https:\/\/colorlife.ee\/ru\/wp-json\/wp\/v2\/product_tag?post=8105"}],"curies":[{"name":"wp","href":"https:\/\/api.w.org\/{rel}","templated":true}]}}