{"id":8161,"date":"2020-07-01T11:29:07","date_gmt":"2020-08-11T09:19:19","guid":{"rendered":"https:\/\/colorlife.ee\/?post_type=product&#038;p=8161"},"modified":"2020-08-11T12:19:19","modified_gmt":"2020-08-11T09:19:19","slug":"kraska-ermine","status":"publish","type":"product","link":"https:\/\/colorlife.ee\/ru\/toode\/kraska-ermine\/","title":{"rendered":"Ermine"},"content":{"rendered":"","protected":false},"excerpt":{"rendered":"<h2 class=\"page-title\">Vintro Kriidiv\u00e4rv \u2013 Ermine<\/h2>\n<p>Kaunis kreemitoon on inspireeritud Leonardo da Vinci umbes 1489. aasta maalist \u201eDaam hermeliiniga\u201c. Hermeliini kaasamine \u00fchele v\u00e4hestest da Vinci renessansiportreedest on v\u00e4gagi s\u00fcmboolne ning esindab puhtust. <strong>1l saab v\u00e4rvida 15-19m2.<\/strong><\/p>\n<h4>SAADAVAL 1-LIITRISES JA 125 ML PURKIDES.<\/h4>\n<p>&nbsp;<\/p>\n","protected":false},"featured_media":6936,"template":"","meta":[],"product_cat":[562],"product_tag":[],"class_list":{"0":"post-8161","1":"product","2":"type-product","3":"status-publish","4":"has-post-thumbnail","6":"product_cat-podarochnaja-karta","8":"first","9":"instock","10":"taxable","11":"shipping-taxable","12":"product-type-grouped"},"yoast_head":"<!-- This site is optimized with the Yoast SEO plugin v23.6 - https:\/\/yoast.com\/wordpress\/plugins\/seo\/ -->\n<title>Ermine - Color Life \u043f\u0440\u043e\u0441\u0442\u0440\u0430\u043d\u0441\u0442\u0432\u043e<\/title>\n<meta name=\"robots\" content=\"index, follow, max-snippet:-1, max-image-preview:large, max-video-preview:-1\" \/>\n<link rel=\"canonical\" href=\"https:\/\/colorlife.ee\/ru\/toode\/kraska-ermine\/\" \/>\n<meta property=\"og:locale\" content=\"ru_RU\" \/>\n<meta property=\"og:type\" content=\"article\" \/>\n<meta property=\"og:title\" content=\"Ermine - Color Life \u043f\u0440\u043e\u0441\u0442\u0440\u0430\u043d\u0441\u0442\u0432\u043e\" \/>\n<meta property=\"og:description\" content=\"Vintro Kriidiv\u00e4rv \u2013 Ermine Kaunis kreemitoon on inspireeritud Leonardo da Vinci umbes 1489. aasta maalist \u201eDaam hermeliiniga\u201c. Hermeliini kaasamine \u00fchele v\u00e4hestest da Vinci renessansiportreedest on v\u00e4gagi s\u00fcmboolne ning esindab puhtust. 1l saab v\u00e4rvida 15-19m2. SAADAVAL 1-LIITRISES JA 125 ML PURKIDES. &nbsp;\" \/>\n<meta property=\"og:url\" content=\"https:\/\/colorlife.ee\/ru\/toode\/kraska-ermine\/\" \/>\n<meta property=\"og:site_name\" content=\"Color Life \u043f\u0440\u043e\u0441\u0442\u0440\u0430\u043d\u0441\u0442\u0432\u043e\" \/>\n<meta property=\"og:image\" content=\"https:\/\/colorlife.ee\/wp-content\/uploads\/2020\/07\/chalk-paint-ermine-vintro-kriidivarv-color-life.jpg\" \/>\n\t<meta property=\"og:image:width\" content=\"800\" \/>\n\t<meta property=\"og:image:height\" content=\"800\" \/>\n\t<meta property=\"og:image:type\" content=\"image\/jpeg\" \/>\n<meta name=\"twitter:card\" content=\"summary_large_image\" \/>\n<script type=\"application\/ld+json\" class=\"yoast-schema-graph\">{\"@context\":\"https:\/\/schema.org\",\"@graph\":[{\"@type\":\"WebPage\",\"@id\":\"https:\/\/colorlife.ee\/ru\/toode\/kraska-ermine\/\",\"url\":\"https:\/\/colorlife.ee\/ru\/toode\/kraska-ermine\/\",\"name\":\"Ermine - Color Life \u043f\u0440\u043e\u0441\u0442\u0440\u0430\u043d\u0441\u0442\u0432\u043e\",\"isPartOf\":{\"@id\":\"https:\/\/colorlife.ee\/#website\"},\"primaryImageOfPage\":{\"@id\":\"https:\/\/colorlife.ee\/ru\/toode\/kraska-ermine\/#primaryimage\"},\"image\":{\"@id\":\"https:\/\/colorlife.ee\/ru\/toode\/kraska-ermine\/#primaryimage\"},\"thumbnailUrl\":\"https:\/\/colorlife.ee\/wp-content\/uploads\/2020\/07\/chalk-paint-ermine-vintro-kriidivarv-color-life.jpg\",\"datePublished\":\"2020-08-11T09:19:19+00:00\",\"dateModified\":\"2020-08-11T09:19:19+00:00\",\"breadcrumb\":{\"@id\":\"https:\/\/colorlife.ee\/ru\/toode\/kraska-ermine\/#breadcrumb\"},\"inLanguage\":\"ru-RU\",\"potentialAction\":[{\"@type\":\"ReadAction\",\"target\":[\"https:\/\/colorlife.ee\/ru\/toode\/kraska-ermine\/\"]}]},{\"@type\":\"ImageObject\",\"inLanguage\":\"ru-RU\",\"@id\":\"https:\/\/colorlife.ee\/ru\/toode\/kraska-ermine\/#primaryimage\",\"url\":\"https:\/\/colorlife.ee\/wp-content\/uploads\/2020\/07\/chalk-paint-ermine-vintro-kriidivarv-color-life.jpg\",\"contentUrl\":\"https:\/\/colorlife.ee\/wp-content\/uploads\/2020\/07\/chalk-paint-ermine-vintro-kriidivarv-color-life.jpg\",\"width\":800,\"height\":800,\"caption\":\"chalk-paint-ermine-vintro-kriidivarv-color-life\"},{\"@type\":\"BreadcrumbList\",\"@id\":\"https:\/\/colorlife.ee\/ru\/toode\/kraska-ermine\/#breadcrumb\",\"itemListElement\":[{\"@type\":\"ListItem\",\"position\":1,\"name\":\"Home\",\"item\":\"https:\/\/colorlife.ee\/ru\/\"},{\"@type\":\"ListItem\",\"position\":2,\"name\":\"\u0418\u043d\u0442\u0435\u0440\u043d\u0435\u0442 \u043c\u0430\u0433\u0430\u0437\u0438\u043d\",\"item\":\"https:\/\/colorlife.ee\/ru\/interneti-pood\/\"},{\"@type\":\"ListItem\",\"position\":3,\"name\":\"Ermine\"}]},{\"@type\":\"WebSite\",\"@id\":\"https:\/\/colorlife.ee\/#website\",\"url\":\"https:\/\/colorlife.ee\/\",\"name\":\"Color Life \u043f\u0440\u043e\u0441\u0442\u0440\u0430\u043d\u0441\u0442\u0432\u043e\",\"description\":\"\u041f\u0440\u043e\u0441\u0442\u0440\u0430\u043d\u0441\u0442\u0432\u043e \u0434\u043b\u044f \u0432\u043f\u0435\u0447\u0430\u0442\u043b\u0435\u043d\u0438\u0439, \u0433\u0434\u0435 \u0441\u043e\u0435\u0434\u0438\u043d\u044f\u044e\u0442\u0441\u044f \u0438\u0441\u043a\u0443\u0441\u0441\u0442\u0432\u043e, \u0438\u0433\u0440\u0430, \u0434\u0438\u0437\u0430\u0439\u043d \u0438 \u043f\u0440\u0438\u0440\u043e\u0434\u0430\",\"potentialAction\":[{\"@type\":\"SearchAction\",\"target\":{\"@type\":\"EntryPoint\",\"urlTemplate\":\"https:\/\/colorlife.ee\/?s={search_term_string}\"},\"query-input\":{\"@type\":\"PropertyValueSpecification\",\"valueRequired\":true,\"valueName\":\"search_term_string\"}}],\"inLanguage\":\"ru-RU\"}]}<\/script>\n<!-- \/ Yoast SEO plugin. -->","yoast_head_json":{"title":"Ermine - Color Life \u043f\u0440\u043e\u0441\u0442\u0440\u0430\u043d\u0441\u0442\u0432\u043e","robots":{"index":"index","follow":"follow","max-snippet":"max-snippet:-1","max-image-preview":"max-image-preview:large","max-video-preview":"max-video-preview:-1"},"canonical":"https:\/\/colorlife.ee\/ru\/toode\/kraska-ermine\/","og_locale":"ru_RU","og_type":"article","og_title":"Ermine - Color Life \u043f\u0440\u043e\u0441\u0442\u0440\u0430\u043d\u0441\u0442\u0432\u043e","og_description":"Vintro Kriidiv\u00e4rv \u2013 Ermine Kaunis kreemitoon on inspireeritud Leonardo da Vinci umbes 1489. aasta maalist \u201eDaam hermeliiniga\u201c. Hermeliini kaasamine \u00fchele v\u00e4hestest da Vinci renessansiportreedest on v\u00e4gagi s\u00fcmboolne ning esindab puhtust. 1l saab v\u00e4rvida 15-19m2. SAADAVAL 1-LIITRISES JA 125 ML PURKIDES. &nbsp;","og_url":"https:\/\/colorlife.ee\/ru\/toode\/kraska-ermine\/","og_site_name":"Color Life \u043f\u0440\u043e\u0441\u0442\u0440\u0430\u043d\u0441\u0442\u0432\u043e","og_image":[{"width":800,"height":800,"url":"https:\/\/colorlife.ee\/wp-content\/uploads\/2020\/07\/chalk-paint-ermine-vintro-kriidivarv-color-life.jpg","type":"image\/jpeg"}],"twitter_card":"summary_large_image","schema":{"@context":"https:\/\/schema.org","@graph":[{"@type":"WebPage","@id":"https:\/\/colorlife.ee\/ru\/toode\/kraska-ermine\/","url":"https:\/\/colorlife.ee\/ru\/toode\/kraska-ermine\/","name":"Ermine - Color Life \u043f\u0440\u043e\u0441\u0442\u0440\u0430\u043d\u0441\u0442\u0432\u043e","isPartOf":{"@id":"https:\/\/colorlife.ee\/#website"},"primaryImageOfPage":{"@id":"https:\/\/colorlife.ee\/ru\/toode\/kraska-ermine\/#primaryimage"},"image":{"@id":"https:\/\/colorlife.ee\/ru\/toode\/kraska-ermine\/#primaryimage"},"thumbnailUrl":"https:\/\/colorlife.ee\/wp-content\/uploads\/2020\/07\/chalk-paint-ermine-vintro-kriidivarv-color-life.jpg","datePublished":"2020-08-11T09:19:19+00:00","dateModified":"2020-08-11T09:19:19+00:00","breadcrumb":{"@id":"https:\/\/colorlife.ee\/ru\/toode\/kraska-ermine\/#breadcrumb"},"inLanguage":"ru-RU","potentialAction":[{"@type":"ReadAction","target":["https:\/\/colorlife.ee\/ru\/toode\/kraska-ermine\/"]}]},{"@type":"ImageObject","inLanguage":"ru-RU","@id":"https:\/\/colorlife.ee\/ru\/toode\/kraska-ermine\/#primaryimage","url":"https:\/\/colorlife.ee\/wp-content\/uploads\/2020\/07\/chalk-paint-ermine-vintro-kriidivarv-color-life.jpg","contentUrl":"https:\/\/colorlife.ee\/wp-content\/uploads\/2020\/07\/chalk-paint-ermine-vintro-kriidivarv-color-life.jpg","width":800,"height":800,"caption":"chalk-paint-ermine-vintro-kriidivarv-color-life"},{"@type":"BreadcrumbList","@id":"https:\/\/colorlife.ee\/ru\/toode\/kraska-ermine\/#breadcrumb","itemListElement":[{"@type":"ListItem","position":1,"name":"Home","item":"https:\/\/colorlife.ee\/ru\/"},{"@type":"ListItem","position":2,"name":"\u0418\u043d\u0442\u0435\u0440\u043d\u0435\u0442 \u043c\u0430\u0433\u0430\u0437\u0438\u043d","item":"https:\/\/colorlife.ee\/ru\/interneti-pood\/"},{"@type":"ListItem","position":3,"name":"Ermine"}]},{"@type":"WebSite","@id":"https:\/\/colorlife.ee\/#website","url":"https:\/\/colorlife.ee\/","name":"Color Life \u043f\u0440\u043e\u0441\u0442\u0440\u0430\u043d\u0441\u0442\u0432\u043e","description":"\u041f\u0440\u043e\u0441\u0442\u0440\u0430\u043d\u0441\u0442\u0432\u043e \u0434\u043b\u044f \u0432\u043f\u0435\u0447\u0430\u0442\u043b\u0435\u043d\u0438\u0439, \u0433\u0434\u0435 \u0441\u043e\u0435\u0434\u0438\u043d\u044f\u044e\u0442\u0441\u044f \u0438\u0441\u043a\u0443\u0441\u0441\u0442\u0432\u043e, \u0438\u0433\u0440\u0430, \u0434\u0438\u0437\u0430\u0439\u043d \u0438 \u043f\u0440\u0438\u0440\u043e\u0434\u0430","potentialAction":[{"@type":"SearchAction","target":{"@type":"EntryPoint","urlTemplate":"https:\/\/colorlife.ee\/?s={search_term_string}"},"query-input":{"@type":"PropertyValueSpecification","valueRequired":true,"valueName":"search_term_string"}}],"inLanguage":"ru-RU"}]}},"_links":{"self":[{"href":"https:\/\/colorlife.ee\/ru\/wp-json\/wp\/v2\/product\/8161"}],"collection":[{"href":"https:\/\/colorlife.ee\/ru\/wp-json\/wp\/v2\/product"}],"about":[{"href":"https:\/\/colorlife.ee\/ru\/wp-json\/wp\/v2\/types\/product"}],"wp:featuredmedia":[{"embeddable":true,"href":"https:\/\/colorlife.ee\/ru\/wp-json\/wp\/v2\/media\/6936"}],"wp:attachment":[{"href":"https:\/\/colorlife.ee\/ru\/wp-json\/wp\/v2\/media?parent=8161"}],"wp:term":[{"taxonomy":"product_cat","embeddable":true,"href":"https:\/\/colorlife.ee\/ru\/wp-json\/wp\/v2\/product_cat?post=8161"},{"taxonomy":"product_tag","embeddable":true,"href":"https:\/\/colorlife.ee\/ru\/wp-json\/wp\/v2\/product_tag?post=8161"}],"curies":[{"name":"wp","href":"https:\/\/api.w.org\/{rel}","templated":true}]}}